{"id":11840,"date":"2019-12-03T17:13:59","date_gmt":"2019-12-03T16:13:59","guid":{"rendered":"https:\/\/winonline.training\/mokymai\/"},"modified":"2022-03-01T11:36:49","modified_gmt":"2022-03-01T10:36:49","slug":"mokymai","status":"publish","type":"page","link":"https:\/\/winonline.training\/lt\/mokymai\/","title":{"rendered":"mokymai"},"content":{"rendered":"\t\t<div data-elementor-type=\"wp-page\" data-elementor-id=\"11840\" class=\"elementor elementor-11840 elementor-138\" data-elementor-post-type=\"page\">\n\t\t\t\t\t\t<section class=\"elementor-section elementor-top-section elementor-element elementor-element-d94ac5e elementor-section-boxed elementor-section-height-default elementor-section-height-default\" data-id=\"d94ac5e\" data-element_type=\"section\">\n\t\t\t\t\t\t<div class=\"elementor-container elementor-column-gap-default\">\n\t\t\t\t\t<div class=\"elementor-column elementor-col-100 elementor-top-column elementor-element elementor-element-15efde9\" data-id=\"15efde9\" data-element_type=\"column\">\n\t\t\t<div class=\"elementor-widget-wrap elementor-element-populated\">\n\t\t\t\t\t\t<div class=\"elementor-element elementor-element-4f069bc4 elementor-widget elementor-widget-text-editor\" data-id=\"4f069bc4\" data-element_type=\"widget\" data-widget_type=\"text-editor.default\">\n\t\t\t\t<div class=\"elementor-widget-container\">\n\t\t\t\t\t\t\t<h2>Su\u017einokime nauj\u0173 dalyk\u0173<\/h2>\n<p><img fetchpriority=\"high\" decoding=\"async\" class=\"alignleft wp-image-10661 size-full\" src=\"https:\/\/winonline.training\/wp-content\/uploads\/2019\/12\/WINONLINE-tablet-300-figure.png\" alt=\"training\" width=\"300\" height=\"300\" srcset=\"https:\/\/winonline.training\/wp-content\/uploads\/2019\/12\/WINONLINE-tablet-300-figure.png 300w, https:\/\/winonline.training\/wp-content\/uploads\/2019\/12\/WINONLINE-tablet-300-figure-150x150.png 150w\" sizes=\"(max-width: 300px) 100vw, 300px\" \/>Remiantis partneri\u0173 diskusijomis preliminariame projekto planavimo etape, mokymai bus nukreipti \u012f vyresni\u0173 nei 40 met\u0173 moter\u0173, norin\u010di\u0173 b\u016bti e. verslininkais, poreikius, kompetencijas ir \u012fg\u016bd\u017eius.<\/p>\n<p>Mokym\u0173 programoje bus naudingos informacijos ir patarim\u0173, kas yra elektroninis verslas, kaip sukurti elektronin\u0119 \u012fmon\u0119, teis\u0117s aktai, reikalingi IT \u012fg\u016bd\u017eiai, rinkodaros strategijos, tam reikalingos kompetencijos ir \u012fg\u016bd\u017eiai.\u00a0 Program\u0173 turinys (minimumas):<\/p>\n<ul>\n<li>pagrindin\u0117s s\u0105vokos, susijusios su e. \u012fmon\u0117s k\u016brimo metodais bei technologija;<\/li>\n<li>galimyb\u0117 gauti s\u0105ra\u0161\u0105, kuriame nurodytos tik\u0117tinos pagrindini\u0173 kompetencij\u0173 ir \u012fg\u016bd\u017ei\u0173 \u012fgijimo ka\u0161tai<\/li>\n<li>IT \u012fg\u016bd\u017eiai, reikalingi reklamuoti savo elektroninio verslo tinklus<\/li>\n<\/ul>\n\t\t\t\t\t\t<\/div>\n\t\t\t\t<\/div>\n\t\t\t\t\t<\/div>\n\t\t<\/div>\n\t\t\t\t\t<\/div>\n\t\t<\/section>\n\t\t\t\t<section class=\"elementor-section elementor-top-section elementor-element elementor-element-6cd2f9a2 elementor-section-boxed elementor-section-height-default elementor-section-height-default\" data-id=\"6cd2f9a2\" data-element_type=\"section\">\n\t\t\t\t\t\t<div class=\"elementor-container elementor-column-gap-default\">\n\t\t\t\t\t<div class=\"elementor-column elementor-col-100 elementor-top-column elementor-element elementor-element-3ba762f3\" data-id=\"3ba762f3\" data-element_type=\"column\">\n\t\t\t<div class=\"elementor-widget-wrap elementor-element-populated\">\n\t\t\t\t\t\t<section class=\"elementor-section elementor-inner-section elementor-element elementor-element-41a2ec4 elementor-section-boxed elementor-section-height-default elementor-section-height-default\" data-id=\"41a2ec4\" data-element_type=\"section\">\n\t\t\t\t\t\t<div class=\"elementor-container elementor-column-gap-default\">\n\t\t\t\t\t<div class=\"elementor-column elementor-col-33 elementor-inner-column elementor-element elementor-element-99087f2\" data-id=\"99087f2\" data-element_type=\"column\">\n\t\t\t<div class=\"elementor-widget-wrap\">\n\t\t\t\t\t\t\t<\/div>\n\t\t<\/div>\n\t\t\t\t<div class=\"elementor-column elementor-col-33 elementor-inner-column elementor-element elementor-element-18fc098\" data-id=\"18fc098\" data-element_type=\"column\">\n\t\t\t<div class=\"elementor-widget-wrap elementor-element-populated\">\n\t\t\t\t\t\t<div class=\"elementor-element elementor-element-2a756ef elementor-widget elementor-widget-text-editor\" data-id=\"2a756ef\" data-element_type=\"widget\" data-widget_type=\"text-editor.default\">\n\t\t\t\t<div class=\"elementor-widget-container\">\n\t\t\t\t\t\t\t<p><div class=\"bb-courses-directory\">\n\t\t\t\t\t\t\t<div id=\"bb-course-list-grid-filters\" class=\"bb-secondary-list-tabs flex align-items-center\">\n\t\t\t\t\t\t\t\t<div class=\"grid-filters push-right\" data-object=\"\">\n\t\t\t\t\t\t\t\t    <a href=\"#\" class=\"layout-view layout-grid-view active bp-tooltip\"  data-view=\"grid\" data-bp-tooltip-pos=\"up\"\n\t\t\t\t\t\t\t\t       data-bp-tooltip=\"Tinklelio Vaizdas\">\n\t\t\t\t\t\t\t\t        <i class=\"bb-icon-l bb-icon-grid-large\" aria-hidden=\"true\"><\/i>\n\t\t\t\t\t\t\t\t    <\/a>\n\n\t\t\t\t\t\t\t\t    <a href=\"#\" class=\"layout-view layout-list-view bp-tooltip\" data-view=\"list\" data-bp-tooltip-pos=\"up\"\n\t\t\t\t\t\t\t\t       data-bp-tooltip=\" S\u0105ra\u0161o Vaizdas\">\n\t\t\t\t\t\t\t\t        <i class=\"bb-icon-l bb-icon-bars\" aria-hidden=\"true\"><\/i>\n\t\t\t\t\t\t\t\t    <\/a>\n\t\t\t\t\t\t\t\t<\/div>\n\t\t\t\t\t\t\t<\/div>\n\t\t\t\t\t\t<\/div><div id=\"ld-course-list-content-bb2ada07ac02f2d39d5b02418f6a5de3\" class=\"ld-course-list-content\" data-shortcode-atts=\"{&quot;orderby&quot;:&quot;ID&quot;,&quot;col&quot;:&quot;1&quot;,&quot;course_tag&quot;:&quot;training&quot;}\">\n\t\t\t<div class=\"ld-course-list-items row\">\n\t<div class=\"ld_course_grid col-sm-12 col-md-12  bb-course-item-wrap\">\n\n\t<div class=\"bb-cover-list-item  \">\n\t\t\n\t\t\t\t<div class=\"bb-course-cover \">\n\t\t\t\t<div class=\"ld-status  free ld-secondary-background\">Free<\/div>\t\t\t\t\t\t<a title=\"E-mokym\u0173 programa skirta e-verslinink\u0117ms moterims\" href=\"https:\/\/winonline.training\/lt\/courses\/e-mokymu-programa-skirta-e-verslininkems-moterims\/\" class=\"bb-cover-wrap\">\n\t\t\t\t\t\t\t<img decoding=\"async\" width=\"624\" height=\"328\" src=\"https:\/\/winonline.training\/wp-content\/uploads\/2020\/07\/Win-online-training-featured-624x328.jpg\" class=\"attachment-post-thumbnail size-post-thumbnail wp-post-image\" alt=\"Win-online-training-featured\" srcset=\"https:\/\/winonline.training\/wp-content\/uploads\/2020\/07\/Win-online-training-featured-624x328.jpg 624w, https:\/\/winonline.training\/wp-content\/uploads\/2020\/07\/Win-online-training-featured-300x158.jpg 300w, https:\/\/winonline.training\/wp-content\/uploads\/2020\/07\/Win-online-training-featured-1024x538.jpg 1024w, https:\/\/winonline.training\/wp-content\/uploads\/2020\/07\/Win-online-training-featured-768x403.jpg 768w, https:\/\/winonline.training\/wp-content\/uploads\/2020\/07\/Win-online-training-featured-400x210.jpg 400w, https:\/\/winonline.training\/wp-content\/uploads\/2020\/07\/Win-online-training-featured.jpg 1200w\" sizes=\"(max-width: 624px) 100vw, 624px\" \/>\t\t\t\t\t\t<\/a>\n\t\t\t\t\t\t\t\t\t\t<\/div>\n\n\t\t\n\t\t\n\t\t<div class=\"bb-card-course-details\">\n\t\t\t<div class=\"course-lesson-count\">7 Moduliai<\/div>\t\t\t<h2 class=\"bb-course-title\">\n\t\t\t\t<a href=\"https:\/\/winonline.training\/lt\/courses\/e-mokymu-programa-skirta-e-verslininkems-moterims\/\">E-mokym\u0173 programa skirta e-verslinink\u0117ms moterims<\/a>\n\t\t\t<\/h2>\n\t\t\t\t\t\t\t<p class=\"entry-content\">Mokym\u0173 programos pristatymas E-verslumo mokymai\u0160iais internetiniais mokymais siekiama patenkinti moter\u0173, vyresni\u0173 nei 40 met\u0173 ir norin\u010di\u0173 tapti e-verslinink\u0117mis, poreikius visoje&hellip;<\/p>\n\t\t\t\t\t\t\t\t<div class=\"course-progress-wrap\">\n\t\t\t\t\t\t<div class=\"ld-progress ld-progress-inline\">\n\t\t\t\t\t<div class=\"ld-progress-heading\">\n\t\t\t\t\t\t\t<\/div>\n\n\t\t\t<div class=\"ld-progress-bar\">\n\t\t\t\t<div class=\"ld-progress-bar-percentage ld-secondary-background\" style=\"width:0%\"><\/div>\n\t\t\t<\/div>\n\t\t\t<div class=\"ld-progress-stats\">\n\t\t\t\t<div class=\"ld-progress-percentage ld-secondary-color course-completion-rate\">\n\t\t\t\t\t0% Pilnas\t\t\t\t<\/div>\n\t\t\t\t<div class=\"ld-progress-steps\">\n\t\t\t\t\t0\/0 \u017dingsniai\t\t\t\t<\/div>\n\t\t\t<\/div> <!--\/.ld-progress-stats-->\n\t\t\t\t<\/div> <!--\/.ld-progress-->\n\t\t\t\t\t<\/div>\n\t\t\t\t                <p class=\"ld_course_grid_button\"><a class=\"btn btn-primary\" role=\"button\" href=\"https:\/\/winonline.training\/lt\/courses\/e-mokymu-programa-skirta-e-verslininkems-moterims\/\" rel=\"bookmark\">See more&#8230;<\/a><\/p>\n\t\t\t\t\n\t\t<\/div><!-- .entry-header -->\n\t<\/div><!-- #post-## -->\n<\/div>\n\t<\/div>\n\t\t\t<\/div>\n\t\t<\/p>\t\t\t\t\t\t<\/div>\n\t\t\t\t<\/div>\n\t\t\t\t\t<\/div>\n\t\t<\/div>\n\t\t\t\t<div class=\"elementor-column elementor-col-33 elementor-inner-column elementor-element elementor-element-b76fee1\" data-id=\"b76fee1\" data-element_type=\"column\">\n\t\t\t<div class=\"elementor-widget-wrap\">\n\t\t\t\t\t\t\t<\/div>\n\t\t<\/div>\n\t\t\t\t\t<\/div>\n\t\t<\/section>\n\t\t\t\t\t<\/div>\n\t\t<\/div>\n\t\t\t\t\t<\/div>\n\t\t<\/section>\n\t\t\t\t<\/div>\n\t\t","protected":false},"excerpt":{"rendered":"<p>Su\u017einokime nauj\u0173 dalyk\u0173 Remiantis partneri\u0173 diskusijomis preliminariame projekto planavimo etape, mokymai bus nukreipti \u012f vyresni\u0173 nei 40 met\u0173 moter\u0173, norin\u010di\u0173 b\u016bti e. verslininkais, poreikius, kompetencijas&hellip;<\/p>\n","protected":false},"author":1,"featured_media":10821,"parent":0,"menu_order":0,"comment_status":"closed","ping_status":"closed","template":"","meta":{"footnotes":""},"_links":{"self":[{"href":"https:\/\/winonline.training\/lt\/wp-json\/wp\/v2\/pages\/11840"}],"collection":[{"href":"https:\/\/winonline.training\/lt\/wp-json\/wp\/v2\/pages"}],"about":[{"href":"https:\/\/winonline.training\/lt\/wp-json\/wp\/v2\/types\/page"}],"author":[{"embeddable":true,"href":"https:\/\/winonline.training\/lt\/wp-json\/wp\/v2\/users\/1"}],"replies":[{"embeddable":true,"href":"https:\/\/winonline.training\/lt\/wp-json\/wp\/v2\/comments?post=11840"}],"version-history":[{"count":22,"href":"https:\/\/winonline.training\/lt\/wp-json\/wp\/v2\/pages\/11840\/revisions"}],"predecessor-version":[{"id":21222,"href":"https:\/\/winonline.training\/lt\/wp-json\/wp\/v2\/pages\/11840\/revisions\/21222"}],"wp:featuredmedia":[{"embeddable":true,"href":"https:\/\/winonline.training\/lt\/wp-json\/wp\/v2\/media\/10821"}],"wp:attachment":[{"href":"https:\/\/winonline.training\/lt\/wp-json\/wp\/v2\/media?parent=11840"}],"curies":[{"name":"wp","href":"https:\/\/api.w.org\/{rel}","templated":true}]}}