{"id":11836,"date":"2020-05-27T09:31:29","date_gmt":"2020-05-27T08:31:29","guid":{"rendered":"https:\/\/winonline.training\/internetine-specialistu-apklausa\/"},"modified":"2020-11-02T11:49:50","modified_gmt":"2020-11-02T10:49:50","slug":"internetine-specialistu-apklausa","status":"publish","type":"page","link":"https:\/\/winonline.training\/lt\/internetine-specialistu-apklausa\/","title":{"rendered":"Internetin\u0117 specialist\u0173 apklausa"},"content":{"rendered":"<p>&nbsp;<\/p>\n<h3 style=\"text-align: center;\">Internetin\u0117 specialist\u0173 apklausa<\/h3>\n<p>&nbsp;<\/p>\n<p style=\"text-align: center;\"><strong>\n<div\n\t class=\"wpml-ls-statics-shortcode_actions wpml-ls wpml-ls-legacy-dropdown js-wpml-ls-legacy-dropdown\">\n\t<ul>\n\n\t\t<li tabindex=\"0\" class=\"wpml-ls-slot-shortcode_actions wpml-ls-item wpml-ls-item-lt wpml-ls-current-language wpml-ls-item-legacy-dropdown\">\n\t\t\t<a href=\"#\" class=\"js-wpml-ls-item-toggle wpml-ls-item-toggle\">\n                                                    <img decoding=\"async\"\n            class=\"wpml-ls-flag\"\n            src=\"https:\/\/winonline.training\/wp-content\/plugins\/sitepress-multilingual-cms\/res\/flags\/lt.png\"\n            alt=\"Lietuvi\u0173\"\n            width=18\n            height=12\n    \/><\/a>\n\n\t\t\t<ul class=\"wpml-ls-sub-menu\">\n\t\t\t\t\n\t\t\t\t\t<li class=\"wpml-ls-slot-shortcode_actions wpml-ls-item wpml-ls-item-en wpml-ls-first-item\">\n\t\t\t\t\t\t<a href=\"https:\/\/winonline.training\/\" class=\"wpml-ls-link\">\n                                                                <img decoding=\"async\"\n            class=\"wpml-ls-flag\"\n            src=\"https:\/\/winonline.training\/wp-content\/plugins\/sitepress-multilingual-cms\/res\/flags\/en.png\"\n            alt=\"English\"\n            width=18\n            height=12\n    \/><\/a>\n\t\t\t\t\t<\/li>\n\n\t\t\t\t\n\t\t\t\t\t<li class=\"wpml-ls-slot-shortcode_actions wpml-ls-item wpml-ls-item-fi\">\n\t\t\t\t\t\t<a href=\"https:\/\/winonline.training\/fi\/\" class=\"wpml-ls-link\">\n                                                                <img decoding=\"async\"\n            class=\"wpml-ls-flag\"\n            src=\"https:\/\/winonline.training\/wp-content\/plugins\/sitepress-multilingual-cms\/res\/flags\/fi.png\"\n            alt=\"Finnish\"\n            width=18\n            height=12\n    \/><\/a>\n\t\t\t\t\t<\/li>\n\n\t\t\t\t\n\t\t\t\t\t<li class=\"wpml-ls-slot-shortcode_actions wpml-ls-item wpml-ls-item-el\">\n\t\t\t\t\t\t<a href=\"https:\/\/winonline.training\/el\/\" class=\"wpml-ls-link\">\n                                                                <img decoding=\"async\"\n            class=\"wpml-ls-flag\"\n            src=\"https:\/\/winonline.training\/wp-content\/plugins\/sitepress-multilingual-cms\/res\/flags\/el.png\"\n            alt=\"Greek\"\n            width=18\n            height=12\n    \/><\/a>\n\t\t\t\t\t<\/li>\n\n\t\t\t\t\n\t\t\t\t\t<li class=\"wpml-ls-slot-shortcode_actions wpml-ls-item wpml-ls-item-it\">\n\t\t\t\t\t\t<a href=\"https:\/\/winonline.training\/it\/\" class=\"wpml-ls-link\">\n                                                                <img decoding=\"async\"\n            class=\"wpml-ls-flag\"\n            src=\"https:\/\/winonline.training\/wp-content\/plugins\/sitepress-multilingual-cms\/res\/flags\/it.png\"\n            alt=\"Italian\"\n            width=18\n            height=12\n    \/><\/a>\n\t\t\t\t\t<\/li>\n\n\t\t\t\t\n\t\t\t\t\t<li class=\"wpml-ls-slot-shortcode_actions wpml-ls-item wpml-ls-item-es wpml-ls-last-item\">\n\t\t\t\t\t\t<a href=\"https:\/\/winonline.training\/es\/\" class=\"wpml-ls-link\">\n                                                                <img decoding=\"async\"\n            class=\"wpml-ls-flag\"\n            src=\"https:\/\/winonline.training\/wp-content\/plugins\/sitepress-multilingual-cms\/res\/flags\/es.png\"\n            alt=\"Spanish\"\n            width=18\n            height=12\n    \/><\/a>\n\t\t\t\t\t<\/li>\n\n\t\t\t\t\t\t\t<\/ul>\n\n\t\t<\/li>\n\n\t<\/ul>\n<\/div>\n<\/strong><\/p>\n<p>&nbsp;<\/p>\n<p style=\"text-align: justify;\"><span class=\"gform_description\"><strong><img fetchpriority=\"high\" decoding=\"async\" class=\"size-full wp-image-11209 alignright\" src=\"https:\/\/2020.winonline.training\/wp-content\/uploads\/2020\/05\/WIN-online-survey-image.png\" alt=\"\" width=\"300\" height=\"300\" srcset=\"https:\/\/winonline.training\/wp-content\/uploads\/2020\/05\/WIN-online-survey-image.png 300w, https:\/\/winonline.training\/wp-content\/uploads\/2020\/05\/WIN-online-survey-image-150x150.png 150w\" sizes=\"(max-width: 300px) 100vw, 300px\" \/><\/strong>M\u016bs\u0173 partneryst\u0117 vykdo internetin\u0119 apklaus\u0105, skirt\u0105 mokymo paslaug\u0173 teik\u0117jams, ekspertams, specialistams ir verslininkyst\u0117s \/ moter\u0173 verslumo mentoriams.<\/span><\/p>\n<p>Apklausos tikslas &#8211; i\u0161tirti efektyviausias moter\u0173 mokymo priemones ir praktik\u0105 kuriant savo versl\u0105.<\/p>\n<p>Internetin\u0117 apklausa vyksta \u012fgyvendinant \u201eErasmus +\u201c projekt\u0105 \u201eWinOnLine\u201c, kurio pagrindinis d\u0117mesys skiriamas moterims ir kurio tikslas yra i\u0161mokyti 40 met\u0173 ir vyresnes moteris tapti e. Verslinink\u0117mis.<\/p>\n<p>\u00a0<span lang=\"lt\">Nor\u0117dami gauti daugiau informacijos apie projekt\u0105, apsilankykite:<\/span><\/p>\n<p><strong><a href=\"https:\/\/2020.winonline.training\/\" target=\"_blank\" rel=\"noopener noreferrer\">https:\/\/2020.winonline.training\/<\/a><\/strong><\/p>\n","protected":false},"excerpt":{"rendered":"<p>&nbsp; Internetin\u0117 specialist\u0173 apklausa &nbsp; &nbsp; M\u016bs\u0173 partneryst\u0117 vykdo internetin\u0119 apklaus\u0105, skirt\u0105 mokymo paslaug\u0173 teik\u0117jams, ekspertams, specialistams ir verslininkyst\u0117s \/ moter\u0173 verslumo mentoriams. Apklausos tikslas&hellip;<\/p>\n","protected":false},"author":1,"featured_media":0,"parent":0,"menu_order":0,"comment_status":"closed","ping_status":"closed","template":"","meta":{"footnotes":""},"_links":{"self":[{"href":"https:\/\/winonline.training\/lt\/wp-json\/wp\/v2\/pages\/11836"}],"collection":[{"href":"https:\/\/winonline.training\/lt\/wp-json\/wp\/v2\/pages"}],"about":[{"href":"https:\/\/winonline.training\/lt\/wp-json\/wp\/v2\/types\/page"}],"author":[{"embeddable":true,"href":"https:\/\/winonline.training\/lt\/wp-json\/wp\/v2\/users\/1"}],"replies":[{"embeddable":true,"href":"https:\/\/winonline.training\/lt\/wp-json\/wp\/v2\/comments?post=11836"}],"version-history":[{"count":0,"href":"https:\/\/winonline.training\/lt\/wp-json\/wp\/v2\/pages\/11836\/revisions"}],"wp:attachment":[{"href":"https:\/\/winonline.training\/lt\/wp-json\/wp\/v2\/media?parent=11836"}],"curies":[{"name":"wp","href":"https:\/\/api.w.org\/{rel}","templated":true}]}}