{"id":11823,"date":"2020-10-02T13:34:00","date_gmt":"2020-10-02T12:34:00","guid":{"rendered":"https:\/\/winonline.training\/mentoryste\/"},"modified":"2022-03-23T10:52:54","modified_gmt":"2022-03-23T09:52:54","slug":"mentoryste","status":"publish","type":"page","link":"https:\/\/winonline.training\/lt\/mentoryste\/","title":{"rendered":"mentoryst\u0117"},"content":{"rendered":"\t\t<div data-elementor-type=\"wp-page\" data-elementor-id=\"11823\" class=\"elementor elementor-11823 elementor-2920\" data-elementor-post-type=\"page\">\n\t\t\t\t\t\t<section class=\"elementor-section elementor-top-section elementor-element elementor-element-db89b5f elementor-section-boxed elementor-section-height-default elementor-section-height-default\" data-id=\"db89b5f\" data-element_type=\"section\">\n\t\t\t\t\t\t<div class=\"elementor-container elementor-column-gap-default\">\n\t\t\t\t\t<div class=\"elementor-column elementor-col-100 elementor-top-column elementor-element elementor-element-675f0def\" data-id=\"675f0def\" data-element_type=\"column\">\n\t\t\t<div class=\"elementor-widget-wrap elementor-element-populated\">\n\t\t\t\t\t\t<div class=\"elementor-element elementor-element-268f2d9b elementor-widget elementor-widget-text-editor\" data-id=\"268f2d9b\" data-element_type=\"widget\" data-widget_type=\"text-editor.default\">\n\t\t\t\t<div class=\"elementor-widget-container\">\n\t\t\t\t\t\t\t<p>&nbsp;<\/p>\n<p><img decoding=\"async\" class=\"alignleft wp-image-10633 size-medium\" src=\"https:\/\/winonline.training\/wp-content\/uploads\/2019\/12\/Featured-image-mentoring-new-300x158.jpg\" alt=\"\" width=\"300\" height=\"158\" srcset=\"https:\/\/winonline.training\/wp-content\/uploads\/2019\/12\/Featured-image-mentoring-new-300x158.jpg 300w, https:\/\/winonline.training\/wp-content\/uploads\/2019\/12\/Featured-image-mentoring-new-1024x538.jpg 1024w, https:\/\/winonline.training\/wp-content\/uploads\/2019\/12\/Featured-image-mentoring-new-768x403.jpg 768w, https:\/\/winonline.training\/wp-content\/uploads\/2019\/12\/Featured-image-mentoring-new-400x210.jpg 400w, https:\/\/winonline.training\/wp-content\/uploads\/2019\/12\/Featured-image-mentoring-new-624x328.jpg 624w, https:\/\/winonline.training\/wp-content\/uploads\/2019\/12\/Featured-image-mentoring-new.jpg 1200w\" sizes=\"(max-width: 300px) 100vw, 300px\" \/><\/p>\n<p>Moterys, dalyvavusios mokymo kurso (IO2) bandomajame projekte ir turin\u010dios konkre\u010di\u0105 verslo id\u0117j\u0105, kuri\u0105 jos nori pl\u0117toti, gal\u0117s dalyvauti verslo kuravimo kursuose, kuriuose patyr\u0119 asmenys (mentoriai) rems ir skatins jas ugdyti konkre\u010dius \u012fg\u016bd\u017eius ir \u017einias, kurios pad\u0117s joms kurti savo e. versl\u0105 ir maksimaliai padidinti savo verslo potencial\u0105 bei pagerinti savo veiklos rezultatus.<\/p>\n<p>Mentoryst\u0117s procesas nebus tas pats, kas mokymas, nes mentoriai nemokys moter\u0173, ko joms reikia \u017einoti apie verslum\u0105, bet klausys ir u\u017eduos klausimus, kurie skatins vyresnes nei 40 met\u0173 moteris, norin\u010dias tapti e. verslinink\u0117mis nustatyti, koki\u0173 veiksm\u0173 joms reikia imtis, atsi\u017evelgiant \u012f j\u0173 pa\u010di\u0173 vystymosi poreikius.\u00a0<\/p>\n<p>Mentoryst\u0117s procesas suteiks:<\/p>\n<ul>\n<li>didesn\u012f ai\u0161kum\u0105 d\u0117l gyvenimo ir karjeros pasirinkimo bei savo karjeros tiksl\u0173<\/li>\n<li>skirtingas perspektyvas ir kult\u016brin\u0117s vertyb\u0117s<\/li>\n<li>galimyb\u0119 pl\u0117toti naujus kontaktus<\/li>\n<li>galimyb\u0119 naudotis naujais i\u0161tekliais, kas didins pasitenkinim\u0105 karjera ir didina tikimyb\u0119<\/li>\n<\/ul>\n\t\t\t\t\t\t<\/div>\n\t\t\t\t<\/div>\n\t\t\t\t\t<\/div>\n\t\t<\/div>\n\t\t\t\t\t<\/div>\n\t\t<\/section>\n\t\t\t\t<section class=\"elementor-section elementor-top-section elementor-element elementor-element-eb88e4f elementor-section-boxed elementor-section-height-default elementor-section-height-default\" data-id=\"eb88e4f\" data-element_type=\"section\">\n\t\t\t\t\t\t<div class=\"elementor-container elementor-column-gap-default\">\n\t\t\t\t\t<div class=\"elementor-column elementor-col-100 elementor-top-column elementor-element elementor-element-fad5d96\" data-id=\"fad5d96\" data-element_type=\"column\">\n\t\t\t<div class=\"elementor-widget-wrap elementor-element-populated\">\n\t\t\t\t\t\t<section class=\"elementor-section elementor-inner-section elementor-element elementor-element-b6fb394 elementor-section-boxed elementor-section-height-default elementor-section-height-default\" data-id=\"b6fb394\" data-element_type=\"section\">\n\t\t\t\t\t\t<div class=\"elementor-container elementor-column-gap-default\">\n\t\t\t\t\t<div class=\"elementor-column elementor-col-33 elementor-inner-column elementor-element elementor-element-77e2387\" data-id=\"77e2387\" data-element_type=\"column\">\n\t\t\t<div class=\"elementor-widget-wrap\">\n\t\t\t\t\t\t\t<\/div>\n\t\t<\/div>\n\t\t\t\t<div class=\"elementor-column elementor-col-33 elementor-inner-column elementor-element elementor-element-b23c3ee\" data-id=\"b23c3ee\" data-element_type=\"column\">\n\t\t\t<div class=\"elementor-widget-wrap elementor-element-populated\">\n\t\t\t\t\t\t<div class=\"elementor-element elementor-element-d8c2963 elementor-widget elementor-widget-text-editor\" data-id=\"d8c2963\" data-element_type=\"widget\" data-widget_type=\"text-editor.default\">\n\t\t\t\t<div class=\"elementor-widget-container\">\n\t\t\t\t\t\t\t<p><div class=\"bb-courses-directory\">\n\t\t\t\t\t\t\t<div id=\"bb-course-list-grid-filters\" class=\"bb-secondary-list-tabs flex align-items-center\">\n\t\t\t\t\t\t\t\t<div class=\"grid-filters push-right\" data-object=\"\">\n\t\t\t\t\t\t\t\t    <a href=\"#\" class=\"layout-view layout-grid-view active bp-tooltip\"  data-view=\"grid\" data-bp-tooltip-pos=\"up\"\n\t\t\t\t\t\t\t\t       data-bp-tooltip=\"Tinklelio Vaizdas\">\n\t\t\t\t\t\t\t\t        <i class=\"bb-icon-l bb-icon-grid-large\" aria-hidden=\"true\"><\/i>\n\t\t\t\t\t\t\t\t    <\/a>\n\n\t\t\t\t\t\t\t\t    <a href=\"#\" class=\"layout-view layout-list-view bp-tooltip\" data-view=\"list\" data-bp-tooltip-pos=\"up\"\n\t\t\t\t\t\t\t\t       data-bp-tooltip=\" S\u0105ra\u0161o Vaizdas\">\n\t\t\t\t\t\t\t\t        <i class=\"bb-icon-l bb-icon-bars\" aria-hidden=\"true\"><\/i>\n\t\t\t\t\t\t\t\t    <\/a>\n\t\t\t\t\t\t\t\t<\/div>\n\t\t\t\t\t\t\t<\/div>\n\t\t\t\t\t\t<\/div><div id=\"ld-course-list-content-0981f00f5470ba96906377d2d10a143d\" class=\"ld-course-list-content\" data-shortcode-atts=\"{&quot;orderby&quot;:&quot;ID&quot;,&quot;col&quot;:&quot;1&quot;,&quot;course_tag&quot;:&quot;mentoring&quot;}\">\n\t\t\t<div class=\"ld-course-list-items row\">\n\t<div class=\"ld_course_grid col-sm-12 col-md-12  bb-course-item-wrap\">\n\n\t<div class=\"bb-cover-list-item  \">\n\t\t\n\t\t\t\t<div class=\"bb-course-cover \">\n\t\t\t\t<div class=\"ld-status  free ld-secondary-background\">Free<\/div>\t\t\t\t\t\t<a title=\"Mentoryst\u0117 moterims, siekian\u010dioms tapti e-verslinink\u0117mis\" href=\"https:\/\/winonline.training\/lt\/courses\/mentoryste-moterims-siekiancioms-tapti-e-verslininkemis\/\" class=\"bb-cover-wrap\">\n\t\t\t\t\t\t\t<img fetchpriority=\"high\" decoding=\"async\" width=\"624\" height=\"328\" src=\"https:\/\/winonline.training\/wp-content\/uploads\/2021\/03\/WIN-article-for-website-EUROSC-featured-image-624x328.jpg\" class=\"attachment-post-thumbnail size-post-thumbnail wp-post-image\" alt=\"Women In Action\" srcset=\"https:\/\/winonline.training\/wp-content\/uploads\/2021\/03\/WIN-article-for-website-EUROSC-featured-image-624x328.jpg 624w, https:\/\/winonline.training\/wp-content\/uploads\/2021\/03\/WIN-article-for-website-EUROSC-featured-image-300x158.jpg 300w, https:\/\/winonline.training\/wp-content\/uploads\/2021\/03\/WIN-article-for-website-EUROSC-featured-image-1024x538.jpg 1024w, https:\/\/winonline.training\/wp-content\/uploads\/2021\/03\/WIN-article-for-website-EUROSC-featured-image-768x403.jpg 768w, https:\/\/winonline.training\/wp-content\/uploads\/2021\/03\/WIN-article-for-website-EUROSC-featured-image-400x210.jpg 400w, https:\/\/winonline.training\/wp-content\/uploads\/2021\/03\/WIN-article-for-website-EUROSC-featured-image.jpg 1200w\" sizes=\"(max-width: 624px) 100vw, 624px\" \/>\t\t\t\t\t\t<\/a>\n\t\t\t\t\t\t\t\t\t\t<\/div>\n\n\t\t\n\t\t\n\t\t<div class=\"bb-card-course-details\">\n\t\t\t<div class=\"course-lesson-count\">5 Moduliai<\/div>\t\t\t<h2 class=\"bb-course-title\">\n\t\t\t\t<a href=\"https:\/\/winonline.training\/lt\/courses\/mentoryste-moterims-siekiancioms-tapti-e-verslininkemis\/\">Mentoryst\u0117 moterims, siekian\u010dioms tapti e-verslinink\u0117mis<\/a>\n\t\t\t<\/h2>\n\t\t\t\t\t\t\t<p class=\"entry-content\">Mentoryst\u0117s kurso \u012fvadas Mentoryst\u0117 e-verslinink\u0117ms Mentoryst\u0117s kurso tikslas \u2013 pad\u0117ti moterims, vyresn\u0117ms nei 40 met\u0173, kurios nori tapti e-verslinink\u0117mis, ir&hellip;<\/p>\n\t\t\t\t\t\t\t\t<div class=\"course-progress-wrap\">\n\t\t\t\t\t\t<div class=\"ld-progress ld-progress-inline\">\n\t\t\t\t\t<div class=\"ld-progress-heading\">\n\t\t\t\t\t\t\t<\/div>\n\n\t\t\t<div class=\"ld-progress-bar\">\n\t\t\t\t<div class=\"ld-progress-bar-percentage ld-secondary-background\" style=\"width:0%\"><\/div>\n\t\t\t<\/div>\n\t\t\t<div class=\"ld-progress-stats\">\n\t\t\t\t<div class=\"ld-progress-percentage ld-secondary-color course-completion-rate\">\n\t\t\t\t\t0% Pilnas\t\t\t\t<\/div>\n\t\t\t\t<div class=\"ld-progress-steps\">\n\t\t\t\t\t0\/0 \u017dingsniai\t\t\t\t<\/div>\n\t\t\t<\/div> <!--\/.ld-progress-stats-->\n\t\t\t\t<\/div> <!--\/.ld-progress-->\n\t\t\t\t\t<\/div>\n\t\t\t\t                <p class=\"ld_course_grid_button\"><a class=\"btn btn-primary\" role=\"button\" href=\"https:\/\/winonline.training\/lt\/courses\/mentoryste-moterims-siekiancioms-tapti-e-verslininkemis\/\" rel=\"bookmark\">See more&#8230;<\/a><\/p>\n\t\t\t\t\n\t\t<\/div><!-- .entry-header -->\n\t<\/div><!-- #post-## -->\n<\/div>\n\t<\/div>\n\t\t\t<\/div>\n\t\t\u00a0<\/p>\t\t\t\t\t\t<\/div>\n\t\t\t\t<\/div>\n\t\t\t\t\t<\/div>\n\t\t<\/div>\n\t\t\t\t<div class=\"elementor-column elementor-col-33 elementor-inner-column elementor-element elementor-element-f1bd473\" data-id=\"f1bd473\" data-element_type=\"column\">\n\t\t\t<div class=\"elementor-widget-wrap\">\n\t\t\t\t\t\t\t<\/div>\n\t\t<\/div>\n\t\t\t\t\t<\/div>\n\t\t<\/section>\n\t\t\t\t\t<\/div>\n\t\t<\/div>\n\t\t\t\t\t<\/div>\n\t\t<\/section>\n\t\t\t\t<\/div>\n\t\t","protected":false},"excerpt":{"rendered":"<p>&nbsp; Moterys, dalyvavusios mokymo kurso (IO2) bandomajame projekte ir turin\u010dios konkre\u010di\u0105 verslo id\u0117j\u0105, kuri\u0105 jos nori pl\u0117toti, gal\u0117s dalyvauti verslo kuravimo kursuose, kuriuose patyr\u0119 asmenys&hellip;<\/p>\n","protected":false},"author":1,"featured_media":0,"parent":0,"menu_order":0,"comment_status":"closed","ping_status":"closed","template":"","meta":{"footnotes":""},"_links":{"self":[{"href":"https:\/\/winonline.training\/lt\/wp-json\/wp\/v2\/pages\/11823"}],"collection":[{"href":"https:\/\/winonline.training\/lt\/wp-json\/wp\/v2\/pages"}],"about":[{"href":"https:\/\/winonline.training\/lt\/wp-json\/wp\/v2\/types\/page"}],"author":[{"embeddable":true,"href":"https:\/\/winonline.training\/lt\/wp-json\/wp\/v2\/users\/1"}],"replies":[{"embeddable":true,"href":"https:\/\/winonline.training\/lt\/wp-json\/wp\/v2\/comments?post=11823"}],"version-history":[{"count":4,"href":"https:\/\/winonline.training\/lt\/wp-json\/wp\/v2\/pages\/11823\/revisions"}],"predecessor-version":[{"id":22155,"href":"https:\/\/winonline.training\/lt\/wp-json\/wp\/v2\/pages\/11823\/revisions\/22155"}],"wp:attachment":[{"href":"https:\/\/winonline.training\/lt\/wp-json\/wp\/v2\/media?parent=11823"}],"curies":[{"name":"wp","href":"https:\/\/api.w.org\/{rel}","templated":true}]}}