{"id":11816,"date":"2019-12-03T17:15:57","date_gmt":"2019-12-03T16:15:57","guid":{"rendered":"https:\/\/winonline.training\/kaip-tai-daroma\/"},"modified":"2020-11-02T10:39:01","modified_gmt":"2020-11-02T09:39:01","slug":"kaip-tai-daroma","status":"publish","type":"page","link":"https:\/\/winonline.training\/lt\/kaip-tai-daroma\/","title":{"rendered":"Kaip tai daroma?"},"content":{"rendered":"<h3>Hiustonai, turime problem\u0105<\/h3>\n<p>Moterys sudaro 52% vis\u0173 Europos gyventoj\u0173, ta\u010diau tik 34,4% ES savaranki\u0161kai dirban\u010di\u0173 asmen\u0173 ir 30% pradedan\u010di\u0173j\u0173 verslinink\u0173 yra moterys. Tuo pat metu daugel\u012f met\u0173 \u0161alyse, apie kurias yra duomen\u0173, moter\u0173 nedarbo lygis yra didesnis nei vyr\u0173. Vyresn\u0117ms nei 40 met\u0173 moterims dar sunkiau susirasti darb\u0105 ir patekti (arba v\u0117l gr\u012f\u017eti) \u012f darbo rink\u0105.<\/p>\n<p>Moterims, vyresn\u0117ms nei 40 met\u0173, \u012fsidarbinti yra i\u0161\u0161\u016bkis. Ilgalaikiai bedarbiai gali susidurti su papildomomis neigiamomis nuostatomis. Lytis, am\u017eius ir ilgalaikis nedarbas sukaria kombinacij\u0105, d\u0117l kurios vyresn\u0117s nei 40 met\u0173 moterys atsiduria ypa\u010d nepalankioje pad\u0117tyje.<\/p>\n<p>Tod\u0117l pagrindiniai darbdavi\u0173 susir\u016bpinim\u0105 keliantys klausimai d\u0117l vyresnio am\u017eiaus ir ilgalaiki\u0173 bedarbi\u0173 moter\u0173, ie\u0161kan\u010di\u0173 darbo, yra \u0161ie:<\/p>\n<ul>\n<li>j\u0173 \u012fg\u016bd\u017eiai yra pasen\u0119;<\/li>\n<li>j\u0173 kompetencija yra pasenusi;<\/li>\n<li>j\u0173 kaina nusveria j\u0173 vert\u0119;<\/li>\n<li>jie kelia samdymo rizik\u0105<\/li>\n<\/ul>\n<h3>Patikrinkite \u010dia!<\/h3>\n<p>D\u0117l min\u0117t\u0173 prie\u017eas\u010di\u0173 vis daugiau moter\u0173, kaip savo problemos sprendim\u0105, nurodo id\u0117j\u0105 tapti savaranki\u0161ka verslininke, daugiausia d\u0117mesio skiriant e. verslumui.<\/p>\n","protected":false},"excerpt":{"rendered":"<p>Hiustonai, turime problem\u0105 Moterys sudaro 52% vis\u0173 Europos gyventoj\u0173, ta\u010diau tik 34,4% ES savaranki\u0161kai dirban\u010di\u0173 asmen\u0173 ir 30% pradedan\u010di\u0173j\u0173 verslinink\u0173 yra moterys. Tuo pat metu&hellip;<\/p>\n","protected":false},"author":1,"featured_media":10813,"parent":0,"menu_order":0,"comment_status":"closed","ping_status":"closed","template":"","meta":{"footnotes":""},"class_list":["post-11816","page","type-page","status-publish","has-post-thumbnail","hentry"],"_links":{"self":[{"href":"https:\/\/winonline.training\/lt\/wp-json\/wp\/v2\/pages\/11816","targetHints":{"allow":["GET"]}}],"collection":[{"href":"https:\/\/winonline.training\/lt\/wp-json\/wp\/v2\/pages"}],"about":[{"href":"https:\/\/winonline.training\/lt\/wp-json\/wp\/v2\/types\/page"}],"author":[{"embeddable":true,"href":"https:\/\/winonline.training\/lt\/wp-json\/wp\/v2\/users\/1"}],"replies":[{"embeddable":true,"href":"https:\/\/winonline.training\/lt\/wp-json\/wp\/v2\/comments?post=11816"}],"version-history":[{"count":0,"href":"https:\/\/winonline.training\/lt\/wp-json\/wp\/v2\/pages\/11816\/revisions"}],"wp:featuredmedia":[{"embeddable":true,"href":"https:\/\/winonline.training\/lt\/wp-json\/wp\/v2\/media\/10813"}],"wp:attachment":[{"href":"https:\/\/winonline.training\/lt\/wp-json\/wp\/v2\/media?parent=11816"}],"curies":[{"name":"wp","href":"https:\/\/api.w.org\/{rel}","templated":true}]}}