{"id":11750,"date":"2020-09-17T09:02:33","date_gmt":"2020-09-17T08:02:33","guid":{"rendered":"https:\/\/winonline.training\/savadas\/"},"modified":"2021-10-10T21:52:12","modified_gmt":"2021-10-10T20:52:12","slug":"savadas","status":"publish","type":"page","link":"https:\/\/winonline.training\/lt\/savadas\/","title":{"rendered":"S\u0105vadas"},"content":{"rendered":"\t\t<div data-elementor-type=\"wp-page\" data-elementor-id=\"11750\" class=\"elementor elementor-11750 elementor-1998\" data-elementor-post-type=\"page\">\n\t\t\t\t\t\t<section class=\"elementor-section elementor-top-section elementor-element elementor-element-157a13b2 elementor-section-boxed elementor-section-height-default elementor-section-height-default\" data-id=\"157a13b2\" data-element_type=\"section\">\n\t\t\t\t\t\t<div class=\"elementor-container elementor-column-gap-default\">\n\t\t\t\t\t<div class=\"elementor-column elementor-col-100 elementor-top-column elementor-element elementor-element-bdbbad3\" data-id=\"bdbbad3\" data-element_type=\"column\">\n\t\t\t<div class=\"elementor-widget-wrap elementor-element-populated\">\n\t\t\t\t\t\t<div class=\"elementor-element elementor-element-2bc83283 elementor-widget elementor-widget-text-editor\" data-id=\"2bc83283\" data-element_type=\"widget\" data-widget_type=\"text-editor.default\">\n\t\t\t\t<div class=\"elementor-widget-container\">\n\t\t\t\t\t\t\t<h3>Esamos novatori\u0161kos ir veiksmingos moter\u0173 e. verslumo praktikos ir priemoni\u0173 rinkinys (s\u0105vadas)<\/h3>\n<p><img decoding=\"async\" class=\"alignleft wp-image-10637 size-medium\" src=\"https:\/\/winonline.training\/wp-content\/uploads\/2019\/12\/featured-image-learning-300x158.png\" alt=\"\" width=\"300\" height=\"158\" srcset=\"https:\/\/winonline.training\/wp-content\/uploads\/2019\/12\/featured-image-learning-300x158.png 300w, https:\/\/winonline.training\/wp-content\/uploads\/2019\/12\/featured-image-learning-1024x538.png 1024w, https:\/\/winonline.training\/wp-content\/uploads\/2019\/12\/featured-image-learning-768x403.png 768w, https:\/\/winonline.training\/wp-content\/uploads\/2019\/12\/featured-image-learning-400x210.png 400w, https:\/\/winonline.training\/wp-content\/uploads\/2019\/12\/featured-image-learning-624x328.png 624w, https:\/\/winonline.training\/wp-content\/uploads\/2019\/12\/featured-image-learning.png 1200w\" sizes=\"(max-width: 300px) 100vw, 300px\" \/><\/p>\n<p>S\u0105vadas bus naujovi\u0161kas esamos veiksmingos moter\u0173 e. verslumo praktikos ir priemoni\u0173 paketas. Jis u\u017etikrins, kad s\u0105vade surinkta informacija gal\u0117s b\u016bti skirta naudoti nacionalin\u0117ms mokymo institucijoms, organizacijoms ir (arba) kolegijoms, kurios kuria novatori\u0161k\u0105 ir palaikan\u010di\u0105 praktik\u0105. Taip pat ir priemone, skirtas pad\u0117ti vyresn\u0117ms nei 40 met\u0173 moterims tapti e. verslinink\u0117mis (\u0161i tikslin\u0117 grup\u0117 turi specifin\u012f profil\u012f).\u0160is s\u0105vadas turi b\u016bti reguliariai atnaujinamas.Jei norite prisid\u0117ti prie \u0161i\u0173 duomen\u0173, susisiekite su mumis!<\/p>\n\t\t\t\t\t\t<\/div>\n\t\t\t\t<\/div>\n\t\t\t\t\t<\/div>\n\t\t<\/div>\n\t\t\t\t\t<\/div>\n\t\t<\/section>\n\t\t\t\t<\/div>\n\t\t","protected":false},"excerpt":{"rendered":"<p>Esamos novatori\u0161kos ir veiksmingos moter\u0173 e. verslumo praktikos ir priemoni\u0173 rinkinys (s\u0105vadas) S\u0105vadas bus naujovi\u0161kas esamos veiksmingos moter\u0173 e. verslumo praktikos ir priemoni\u0173 paketas. Jis&hellip;<\/p>\n","protected":false},"author":1,"featured_media":10729,"parent":0,"menu_order":0,"comment_status":"closed","ping_status":"closed","template":"","meta":{"footnotes":""},"_links":{"self":[{"href":"https:\/\/winonline.training\/lt\/wp-json\/wp\/v2\/pages\/11750"}],"collection":[{"href":"https:\/\/winonline.training\/lt\/wp-json\/wp\/v2\/pages"}],"about":[{"href":"https:\/\/winonline.training\/lt\/wp-json\/wp\/v2\/types\/page"}],"author":[{"embeddable":true,"href":"https:\/\/winonline.training\/lt\/wp-json\/wp\/v2\/users\/1"}],"replies":[{"embeddable":true,"href":"https:\/\/winonline.training\/lt\/wp-json\/wp\/v2\/comments?post=11750"}],"version-history":[{"count":0,"href":"https:\/\/winonline.training\/lt\/wp-json\/wp\/v2\/pages\/11750\/revisions"}],"wp:featuredmedia":[{"embeddable":true,"href":"https:\/\/winonline.training\/lt\/wp-json\/wp\/v2\/media\/10729"}],"wp:attachment":[{"href":"https:\/\/winonline.training\/lt\/wp-json\/wp\/v2\/media?parent=11750"}],"curies":[{"name":"wp","href":"https:\/\/api.w.org\/{rel}","templated":true}]}}