{"id":11747,"date":"2020-08-31T10:51:16","date_gmt":"2020-08-31T09:51:16","guid":{"rendered":"https:\/\/winonline.training\/internetine-moteru-apklausa\/"},"modified":"2020-11-02T12:10:51","modified_gmt":"2020-11-02T11:10:51","slug":"internetine-moteru-apklausa","status":"publish","type":"page","link":"https:\/\/winonline.training\/lt\/internetine-moteru-apklausa\/","title":{"rendered":"Internetin\u0117 moter\u0173 apklausa"},"content":{"rendered":"<h3>Internetin\u0117 moter\u0173 apklausa<\/h3>\n\n<div\n\t class=\"wpml-ls-statics-shortcode_actions wpml-ls wpml-ls-legacy-dropdown js-wpml-ls-legacy-dropdown\">\n\t<ul>\n\n\t\t<li tabindex=\"0\" class=\"wpml-ls-slot-shortcode_actions wpml-ls-item wpml-ls-item-lt wpml-ls-current-language wpml-ls-item-legacy-dropdown\">\n\t\t\t<a href=\"#\" class=\"js-wpml-ls-item-toggle wpml-ls-item-toggle\">\n                                                    <img decoding=\"async\"\n            class=\"wpml-ls-flag\"\n            src=\"https:\/\/winonline.training\/wp-content\/plugins\/sitepress-multilingual-cms\/res\/flags\/lt.png\"\n            alt=\"Lietuvi\u0173\"\n            width=18\n            height=12\n    \/><\/a>\n\n\t\t\t<ul class=\"wpml-ls-sub-menu\">\n\t\t\t\t\n\t\t\t\t\t<li class=\"wpml-ls-slot-shortcode_actions wpml-ls-item wpml-ls-item-en wpml-ls-first-item\">\n\t\t\t\t\t\t<a href=\"https:\/\/winonline.training\/\" class=\"wpml-ls-link\">\n                                                                <img decoding=\"async\"\n            class=\"wpml-ls-flag\"\n            src=\"https:\/\/winonline.training\/wp-content\/plugins\/sitepress-multilingual-cms\/res\/flags\/en.png\"\n            alt=\"English\"\n            width=18\n            height=12\n    \/><\/a>\n\t\t\t\t\t<\/li>\n\n\t\t\t\t\n\t\t\t\t\t<li class=\"wpml-ls-slot-shortcode_actions wpml-ls-item wpml-ls-item-fi\">\n\t\t\t\t\t\t<a href=\"https:\/\/winonline.training\/fi\/\" class=\"wpml-ls-link\">\n                                                                <img decoding=\"async\"\n            class=\"wpml-ls-flag\"\n            src=\"https:\/\/winonline.training\/wp-content\/plugins\/sitepress-multilingual-cms\/res\/flags\/fi.png\"\n            alt=\"Finnish\"\n            width=18\n            height=12\n    \/><\/a>\n\t\t\t\t\t<\/li>\n\n\t\t\t\t\n\t\t\t\t\t<li class=\"wpml-ls-slot-shortcode_actions wpml-ls-item wpml-ls-item-el\">\n\t\t\t\t\t\t<a href=\"https:\/\/winonline.training\/el\/\" class=\"wpml-ls-link\">\n                                                                <img decoding=\"async\"\n            class=\"wpml-ls-flag\"\n            src=\"https:\/\/winonline.training\/wp-content\/plugins\/sitepress-multilingual-cms\/res\/flags\/el.png\"\n            alt=\"Greek\"\n            width=18\n            height=12\n    \/><\/a>\n\t\t\t\t\t<\/li>\n\n\t\t\t\t\n\t\t\t\t\t<li class=\"wpml-ls-slot-shortcode_actions wpml-ls-item wpml-ls-item-it\">\n\t\t\t\t\t\t<a href=\"https:\/\/winonline.training\/it\/\" class=\"wpml-ls-link\">\n                                                                <img decoding=\"async\"\n            class=\"wpml-ls-flag\"\n            src=\"https:\/\/winonline.training\/wp-content\/plugins\/sitepress-multilingual-cms\/res\/flags\/it.png\"\n            alt=\"Italian\"\n            width=18\n            height=12\n    \/><\/a>\n\t\t\t\t\t<\/li>\n\n\t\t\t\t\n\t\t\t\t\t<li class=\"wpml-ls-slot-shortcode_actions wpml-ls-item wpml-ls-item-es wpml-ls-last-item\">\n\t\t\t\t\t\t<a href=\"https:\/\/winonline.training\/es\/\" class=\"wpml-ls-link\">\n                                                                <img decoding=\"async\"\n            class=\"wpml-ls-flag\"\n            src=\"https:\/\/winonline.training\/wp-content\/plugins\/sitepress-multilingual-cms\/res\/flags\/es.png\"\n            alt=\"Spanish\"\n            width=18\n            height=12\n    \/><\/a>\n\t\t\t\t\t<\/li>\n\n\t\t\t\t\t\t\t<\/ul>\n\n\t\t<\/li>\n\n\t<\/ul>\n<\/div>\n\n<div class=\"oSioSc\">\n<div id=\"tw-target\">\n<div id=\"kAz1tf\" class=\"g9WsWb\">\n<div id=\"tw-target-text-container\" class=\"tw-ta-container hide-focus-ring tw-nfl\" tabindex=\"0\">\n<p id=\"tw-target-text\" class=\"tw-data-text tw-text-large XcVN5d tw-ta\" dir=\"ltr\" data-placeholder=\"\u039c\u03b5\u03c4\u03ac\u03c6\u03c1\u03b1\u03c3\u03b7\"><span lang=\"lt\">M\u016bs\u0173 partneryst\u0117 vykdo internetin\u0119 apklaus\u0105, skirt\u0105 moterims, norin\u010dioms tapti e. Verslinink\u0117mis.<\/span><\/p>\n<\/div>\n<\/div>\n<\/div>\n<\/div>\n<p>Anketos u\u017epildymas u\u017etrunka tik 3 minutes.<\/p>\n<p>Apklausos tikslas yra nustatyti \u017eini\u0173 apie verslum\u0105 ir e. Versl\u0105 lyg\u012f, \u012fg\u016bd\u017ei\u0173 ir kompetencij\u0173 stok\u0105 verslumo srityje, IT \u012fg\u016bd\u017eius ir rinkodar\u0105, l\u016bkes\u010dius i\u0161 e. Verslumo mokymo programos.<\/p>\n<p>Internetin\u0117 apklausa vyksta \u012fgyvendinant \u201eErasmus +\u201c projekt\u0105 <strong><a href=\"https:\/\/2020.winonline.training\/\" target=\"_blank\" rel=\"noopener noreferrer\">WinOnLine<\/a><\/strong>, daugiausia d\u0117mesio skiriama 40 met\u0173 ir vyresn\u0117ms moterims ir siekiama i\u0161mokyti jas tapti e. verslinink\u0117mis.<\/p>\n<p>&nbsp;<\/p>\n\n<p><\/p>\n","protected":false},"excerpt":{"rendered":"<p>Internetin\u0117 moter\u0173 apklausa M\u016bs\u0173 partneryst\u0117 vykdo internetin\u0119 apklaus\u0105, skirt\u0105 moterims, norin\u010dioms tapti e. Verslinink\u0117mis. Anketos u\u017epildymas u\u017etrunka tik 3 minutes. Apklausos tikslas yra nustatyti \u017eini\u0173&hellip;<\/p>\n","protected":false},"author":1,"featured_media":0,"parent":0,"menu_order":0,"comment_status":"closed","ping_status":"closed","template":"","meta":{"footnotes":""},"_links":{"self":[{"href":"https:\/\/winonline.training\/lt\/wp-json\/wp\/v2\/pages\/11747"}],"collection":[{"href":"https:\/\/winonline.training\/lt\/wp-json\/wp\/v2\/pages"}],"about":[{"href":"https:\/\/winonline.training\/lt\/wp-json\/wp\/v2\/types\/page"}],"author":[{"embeddable":true,"href":"https:\/\/winonline.training\/lt\/wp-json\/wp\/v2\/users\/1"}],"replies":[{"embeddable":true,"href":"https:\/\/winonline.training\/lt\/wp-json\/wp\/v2\/comments?post=11747"}],"version-history":[{"count":0,"href":"https:\/\/winonline.training\/lt\/wp-json\/wp\/v2\/pages\/11747\/revisions"}],"wp:attachment":[{"href":"https:\/\/winonline.training\/lt\/wp-json\/wp\/v2\/media?parent=11747"}],"curies":[{"name":"wp","href":"https:\/\/api.w.org\/{rel}","templated":true}]}}