{"id":11735,"date":"2020-05-29T13:24:35","date_gmt":"2020-05-29T12:24:35","guid":{"rendered":"https:\/\/winonline.training\/aciu\/"},"modified":"2020-11-02T12:22:25","modified_gmt":"2020-11-02T11:22:25","slug":"aciu","status":"publish","type":"page","link":"https:\/\/winonline.training\/lt\/aciu\/","title":{"rendered":"A\u010di\u016b"},"content":{"rendered":"<h3 style=\"text-align: center;\">D\u0117kojame, kad dalyvavote \u0161ioje internetin\u0117je apklausoje!<\/h3>\n<p>\u00a0 <img fetchpriority=\"high\" decoding=\"async\" class=\"size-full wp-image-11213 aligncenter\" src=\"https:\/\/2020.winonline.training\/wp-content\/uploads\/2020\/05\/WIN-participation-featured-image.gif\" alt=\"\" width=\"1200\" height=\"630\" \/><\/p>\n","protected":false},"excerpt":{"rendered":"<p>D\u0117kojame, kad dalyvavote \u0161ioje internetin\u0117je apklausoje! \u00a0<\/p>\n","protected":false},"author":1,"featured_media":0,"parent":0,"menu_order":0,"comment_status":"closed","ping_status":"closed","template":"","meta":{"footnotes":""},"class_list":["post-11735","page","type-page","status-publish","hentry"],"_links":{"self":[{"href":"https:\/\/winonline.training\/lt\/wp-json\/wp\/v2\/pages\/11735","targetHints":{"allow":["GET"]}}],"collection":[{"href":"https:\/\/winonline.training\/lt\/wp-json\/wp\/v2\/pages"}],"about":[{"href":"https:\/\/winonline.training\/lt\/wp-json\/wp\/v2\/types\/page"}],"author":[{"embeddable":true,"href":"https:\/\/winonline.training\/lt\/wp-json\/wp\/v2\/users\/1"}],"replies":[{"embeddable":true,"href":"https:\/\/winonline.training\/lt\/wp-json\/wp\/v2\/comments?post=11735"}],"version-history":[{"count":0,"href":"https:\/\/winonline.training\/lt\/wp-json\/wp\/v2\/pages\/11735\/revisions"}],"wp:attachment":[{"href":"https:\/\/winonline.training\/lt\/wp-json\/wp\/v2\/media?parent=11735"}],"curies":[{"name":"wp","href":"https:\/\/api.w.org\/{rel}","templated":true}]}}