{"id":11808,"date":"2019-12-03T17:13:59","date_gmt":"2019-12-03T16:13:59","guid":{"rendered":"https:\/\/winonline.training\/formazione\/"},"modified":"2022-03-01T11:35:58","modified_gmt":"2022-03-01T10:35:58","slug":"formazione","status":"publish","type":"page","link":"https:\/\/winonline.training\/it\/formazione\/","title":{"rendered":"formazione"},"content":{"rendered":"\t\t<div data-elementor-type=\"wp-page\" data-elementor-id=\"11808\" class=\"elementor elementor-11808 elementor-138\" data-elementor-post-type=\"page\">\n\t\t\t\t\t\t<section class=\"elementor-section elementor-top-section elementor-element elementor-element-d94ac5e elementor-section-boxed elementor-section-height-default elementor-section-height-default\" data-id=\"d94ac5e\" data-element_type=\"section\" data-e-type=\"section\">\n\t\t\t\t\t\t<div class=\"elementor-container elementor-column-gap-default\">\n\t\t\t\t\t<div class=\"elementor-column elementor-col-100 elementor-top-column elementor-element elementor-element-15efde9\" data-id=\"15efde9\" data-element_type=\"column\" data-e-type=\"column\">\n\t\t\t<div class=\"elementor-widget-wrap elementor-element-populated\">\n\t\t\t\t\t\t<div class=\"elementor-element elementor-element-4f069bc4 elementor-widget elementor-widget-text-editor\" data-id=\"4f069bc4\" data-element_type=\"widget\" data-e-type=\"widget\" data-widget_type=\"text-editor.default\">\n\t\t\t\t<div class=\"elementor-widget-container\">\n\t\t\t\t\t\t\t\t\t<h2>Impariamo alcune cose nuove<\/h2>\n<p><img fetchpriority=\"high\" decoding=\"async\" class=\"alignleft wp-image-10660 size-full\" src=\"https:\/\/winonline.training\/wp-content\/uploads\/2019\/12\/WINONLINE-tablet-300-figure.png\" alt=\"training\" width=\"300\" height=\"300\" srcset=\"https:\/\/winonline.training\/wp-content\/uploads\/2019\/12\/WINONLINE-tablet-300-figure.png 300w, https:\/\/winonline.training\/wp-content\/uploads\/2019\/12\/WINONLINE-tablet-300-figure-150x150.png 150w\" sizes=\"(max-width: 300px) 100vw, 300px\" \/><\/p>\n<p>Secondo i confronti condotti dai partner nella fase preliminare della pianificazione del progetto, la formazione sar\u00e0 mirata alle esigenze, alle competenze e alle capacit\u00e0 delle donne di et\u00e0 superiore ai 40 anni che vogliono diventare imprenditrici digitali.<\/p>\n<p>Il programma di formazione conterr\u00e0 informazioni utili e suggerimenti su cosa sia un business digitale, come creare un\u2019azienda digitale, la legislazione, le capacit\u00e0 IT necessarie, le strategie di marketing, le competenze e abilit\u00e0 necessarie. Comprender\u00e0 i seguenti contenuti (almeno):<\/p>\n<ul>\n<li>concetti di base su come creare le metodologie e le tecniche per un\u2019azienda digitale<\/li>\n<li>accesso al credito e controllo delle competenze e abilit\u00e0 chiave<\/li>\n<li>competenze IT necessarie per mettere sul mercato la tua imprese digitale e fare network<\/li>\n<\/ul>\n\t\t\t\t\t\t\t\t<\/div>\n\t\t\t\t<\/div>\n\t\t\t\t\t<\/div>\n\t\t<\/div>\n\t\t\t\t\t<\/div>\n\t\t<\/section>\n\t\t\t\t<section class=\"elementor-section elementor-top-section elementor-element elementor-element-6cd2f9a2 elementor-section-boxed elementor-section-height-default elementor-section-height-default\" data-id=\"6cd2f9a2\" data-element_type=\"section\" data-e-type=\"section\">\n\t\t\t\t\t\t<div class=\"elementor-container elementor-column-gap-default\">\n\t\t\t\t\t<div class=\"elementor-column elementor-col-100 elementor-top-column elementor-element elementor-element-3ba762f3\" data-id=\"3ba762f3\" data-element_type=\"column\" data-e-type=\"column\">\n\t\t\t<div class=\"elementor-widget-wrap elementor-element-populated\">\n\t\t\t\t\t\t<section class=\"elementor-section elementor-inner-section elementor-element elementor-element-41a2ec4 elementor-section-boxed elementor-section-height-default elementor-section-height-default\" data-id=\"41a2ec4\" data-element_type=\"section\" data-e-type=\"section\">\n\t\t\t\t\t\t<div class=\"elementor-container elementor-column-gap-default\">\n\t\t\t\t\t<div class=\"elementor-column elementor-col-33 elementor-inner-column elementor-element elementor-element-99087f2\" data-id=\"99087f2\" data-element_type=\"column\" data-e-type=\"column\">\n\t\t\t<div class=\"elementor-widget-wrap\">\n\t\t\t\t\t\t\t<\/div>\n\t\t<\/div>\n\t\t\t\t<div class=\"elementor-column elementor-col-33 elementor-inner-column elementor-element elementor-element-18fc098\" data-id=\"18fc098\" data-element_type=\"column\" data-e-type=\"column\">\n\t\t\t<div class=\"elementor-widget-wrap elementor-element-populated\">\n\t\t\t\t\t\t<div class=\"elementor-element elementor-element-2a756ef elementor-widget elementor-widget-text-editor\" data-id=\"2a756ef\" data-element_type=\"widget\" data-e-type=\"widget\" data-widget_type=\"text-editor.default\">\n\t\t\t\t<div class=\"elementor-widget-container\">\n\t\t\t\t\t\t\t\t\t<p><div class=\"bb-courses-directory\">\n\t\t\t\t\t\t\t<div id=\"bb-course-list-grid-filters\" class=\"bb-secondary-list-tabs flex align-items-center\">\n\t\t\t\t\t\t\t\t<div class=\"grid-filters push-right\" data-object=\"\">\n\t\t\t\t\t\t\t\t    <a href=\"#\" class=\"layout-view layout-grid-view active bp-tooltip\"  data-view=\"grid\" data-bp-tooltip-pos=\"up\"\n\t\t\t\t\t\t\t\t       data-bp-tooltip=\"Visualizzazione Griglia\">\n\t\t\t\t\t\t\t\t        <i class=\"bb-icon-l bb-icon-grid-large\" aria-hidden=\"true\"><\/i>\n\t\t\t\t\t\t\t\t    <\/a>\n\n\t\t\t\t\t\t\t\t    <a href=\"#\" class=\"layout-view layout-list-view bp-tooltip\" data-view=\"list\" data-bp-tooltip-pos=\"up\"\n\t\t\t\t\t\t\t\t       data-bp-tooltip=\" Visualizzazione Elenco\">\n\t\t\t\t\t\t\t\t        <i class=\"bb-icon-l bb-icon-bars\" aria-hidden=\"true\"><\/i>\n\t\t\t\t\t\t\t\t    <\/a>\n\t\t\t\t\t\t\t\t<\/div>\n\t\t\t\t\t\t\t<\/div>\n\t\t\t\t\t\t<\/div><div id=\"ld-course-list-content-bb2ada07ac02f2d39d5b02418f6a5de3\" class=\"ld-course-list-content\" data-shortcode-atts=\"{&quot;orderby&quot;:&quot;ID&quot;,&quot;col&quot;:&quot;1&quot;,&quot;course_tag&quot;:&quot;training&quot;}\">\n\t\t\t<div class=\"ld-course-list-items row\">\n\t<div class=\"ld_course_grid col-sm-12 col-md-12  bb-course-item-wrap\">\n\n\t<div class=\"bb-cover-list-item  \">\n\t\t\n\t\t\t\t<div class=\"bb-course-cover \">\n\t\t\t\t<div class=\"ld-status  free ld-third-background\">Gratis<\/div>\t\t\t\t\t\t<a title=\"Formazione on-line per imprenditrici digitali\" href=\"https:\/\/winonline.training\/it\/courses\/formazione-on-line-per-imprenditrici-digitali\/\" class=\"bb-cover-wrap\">\n\t\t\t\t\t\t\t<img decoding=\"async\" width=\"624\" height=\"328\" src=\"https:\/\/winonline.training\/wp-content\/uploads\/2020\/07\/Win-online-training-featured-624x328.jpg\" class=\"attachment-post-thumbnail size-post-thumbnail wp-post-image\" alt=\"Win-online-training-featured\" srcset=\"https:\/\/winonline.training\/wp-content\/uploads\/2020\/07\/Win-online-training-featured-624x328.jpg 624w, https:\/\/winonline.training\/wp-content\/uploads\/2020\/07\/Win-online-training-featured-300x158.jpg 300w, https:\/\/winonline.training\/wp-content\/uploads\/2020\/07\/Win-online-training-featured-1024x538.jpg 1024w, https:\/\/winonline.training\/wp-content\/uploads\/2020\/07\/Win-online-training-featured-768x403.jpg 768w, https:\/\/winonline.training\/wp-content\/uploads\/2020\/07\/Win-online-training-featured-400x210.jpg 400w, https:\/\/winonline.training\/wp-content\/uploads\/2020\/07\/Win-online-training-featured.jpg 1200w\" sizes=\"(max-width: 624px) 100vw, 624px\" \/>\t\t\t\t\t\t<\/a>\n\t\t\t\t\t\t\t\t\t\t<\/div>\n\n\t\t\n\t\t\n\t\t<div class=\"bb-card-course-details\">\n\t\t\t<div class=\"course-lesson-count\">7 Moduli<\/div>\t\t\t<h2 class=\"bb-course-title\">\n\t\t\t\t<a href=\"https:\/\/winonline.training\/it\/courses\/formazione-on-line-per-imprenditrici-digitali\/\">Formazione on-line per imprenditrici digitali<\/a>\n\t\t\t<\/h2>\n\t\t\t\t\t\t\t<p class=\"entry-content\">Introduzione al programma di formazione Formazione per imprenditoria digitaleQuesta formazione online mira a soddisfare le esigenze delle donne in tutta&hellip;<\/p>\n\t\t\t\t\t\t\t\t<div class=\"course-progress-wrap\">\n\t\t\t\t\t\t<div class=\"ld-progress ld-progress-inline\">\n\t\t\t\t\t<div class=\"ld-progress-heading\">\n\t\t\t\t\t\t\t<\/div>\n\n\t\t\t<div class=\"ld-progress-bar\">\n\t\t\t\t<div class=\"ld-progress-bar-percentage ld-secondary-background\" style=\"width:0%\"><\/div>\n\t\t\t<\/div>\n\t\t\t<div class=\"ld-progress-stats\">\n\t\t\t\t<div class=\"ld-progress-percentage ld-secondary-color course-completion-rate\">\n\t\t\t\t\t0% Completato\t\t\t\t<\/div>\n\t\t\t\t<div class=\"ld-progress-steps\">\n\t\t\t\t\t0\/0 Passi \t\t\t\t<\/div>\n\t\t\t<\/div> <!--\/.ld-progress-stats-->\n\t\t\t\t<\/div> <!--\/.ld-progress-->\n\t\t\t\t\t<\/div>\n\t\t\t\t                <p class=\"ld_course_grid_button\"><a class=\"btn btn-primary\" role=\"button\" href=\"https:\/\/winonline.training\/it\/courses\/formazione-on-line-per-imprenditrici-digitali\/\" rel=\"bookmark\">See more&#8230;<\/a><\/p>\n\t\t\t\t\n\t\t<\/div><!-- .entry-header -->\n\t<\/div><!-- #post-## -->\n<\/div>\n\t<\/div>\n\t\t\t<\/div>\n\t\t<\/p>\t\t\t\t\t\t\t\t<\/div>\n\t\t\t\t<\/div>\n\t\t\t\t\t<\/div>\n\t\t<\/div>\n\t\t\t\t<div class=\"elementor-column elementor-col-33 elementor-inner-column elementor-element elementor-element-41dd9e6\" data-id=\"41dd9e6\" data-element_type=\"column\" data-e-type=\"column\">\n\t\t\t<div class=\"elementor-widget-wrap\">\n\t\t\t\t\t\t\t<\/div>\n\t\t<\/div>\n\t\t\t\t\t<\/div>\n\t\t<\/section>\n\t\t\t\t\t<\/div>\n\t\t<\/div>\n\t\t\t\t\t<\/div>\n\t\t<\/section>\n\t\t\t\t<\/div>\n\t\t","protected":false},"excerpt":{"rendered":"<p>Impariamo alcune cose nuove Secondo i confronti condotti dai partner nella fase preliminare della pianificazione del progetto, la formazione sar\u00e0 mirata alle esigenze, alle competenze&hellip;<\/p>\n","protected":false},"author":1,"featured_media":10820,"parent":0,"menu_order":0,"comment_status":"closed","ping_status":"closed","template":"","meta":{"footnotes":""},"class_list":["post-11808","page","type-page","status-publish","has-post-thumbnail","hentry"],"_links":{"self":[{"href":"https:\/\/winonline.training\/it\/wp-json\/wp\/v2\/pages\/11808","targetHints":{"allow":["GET"]}}],"collection":[{"href":"https:\/\/winonline.training\/it\/wp-json\/wp\/v2\/pages"}],"about":[{"href":"https:\/\/winonline.training\/it\/wp-json\/wp\/v2\/types\/page"}],"author":[{"embeddable":true,"href":"https:\/\/winonline.training\/it\/wp-json\/wp\/v2\/users\/1"}],"replies":[{"embeddable":true,"href":"https:\/\/winonline.training\/it\/wp-json\/wp\/v2\/comments?post=11808"}],"version-history":[{"count":23,"href":"https:\/\/winonline.training\/it\/wp-json\/wp\/v2\/pages\/11808\/revisions"}],"predecessor-version":[{"id":21219,"href":"https:\/\/winonline.training\/it\/wp-json\/wp\/v2\/pages\/11808\/revisions\/21219"}],"wp:featuredmedia":[{"embeddable":true,"href":"https:\/\/winonline.training\/it\/wp-json\/wp\/v2\/media\/10820"}],"wp:attachment":[{"href":"https:\/\/winonline.training\/it\/wp-json\/wp\/v2\/media?parent=11808"}],"curies":[{"name":"wp","href":"https:\/\/api.w.org\/{rel}","templated":true}]}}