{"id":11795,"date":"2019-12-03T17:15:57","date_gmt":"2019-12-03T16:15:57","guid":{"rendered":"https:\/\/winonline.training\/come-fatto\/"},"modified":"2020-11-02T10:37:48","modified_gmt":"2020-11-02T09:37:48","slug":"come-fatto","status":"publish","type":"page","link":"https:\/\/winonline.training\/it\/come-fatto\/","title":{"rendered":"Com\u2019\u00e8 fatto"},"content":{"rendered":"<h3>Houston abbiamo un problema<\/h3>\n<p>Le donne rappresentano il 52% della popolazione totale europea, ma solo il 34,4% dei lavoratori autonomi dell&#8217;UE sono donne e il 30% delle start-up sono femminili. Allo stesso tempo, per la maggior parte degli anni e dei paesi in cui sono disponibili i dati, le donne registrano un tasso di disoccupazione pi\u00f9 elevato rispetto agli uomini. Il problema \u00e8 molto pi\u00f9 grave per le donne di et\u00e0 superiore ai 40 anni, poich\u00e9 \u00e8 ancora pi\u00f9 difficile per loro trovare un\u2019occupazione ed entrare (o rientrare) nel mercato del lavoro.<\/p>\n<p>Per le donne in cerca di lavoro con pi\u00f9 di 40 anni, trovare un\u2019occupazione \u00e8 una sfida. Essendo disoccupate da molto tempo, qualcuna potrebbe dover affrontare ulteriori presupposti negativi. Mettere insieme genere, et\u00e0 e disoccupazione prolungata \u00e8 qualcosa che rende le donne di et\u00e0 superiore ai 40 anni un gruppo svantaggiato di cittadine.<\/p>\n<p>Pertanto, le principali preoccupazioni dei datori di lavoro riguardo alle donne disoccupate over 40 e di lunga durata che cercano lavoro sono:<\/p>\n<ul>\n<li>le loro competenze non sono aggiornate<\/li>\n<li>la loro esperienza \u00e8 obsoleta<\/li>\n<li>il loro costo supera il loro valore<\/li>\n<li>rischio di assunzione<\/li>\n<\/ul>\n<h3>Controlla qui!<\/h3>\n<p>Per le ragioni sopra esposte, un numero crescente di donne indica come soluzione al proprio problema di diventare imprenditrice, concentrandosi sull&#8217;imprenditoria digitale.<\/p>\n","protected":false},"excerpt":{"rendered":"<p>Houston abbiamo un problema Le donne rappresentano il 52% della popolazione totale europea, ma solo il 34,4% dei lavoratori autonomi dell&#8217;UE sono donne e il&hellip;<\/p>\n","protected":false},"author":1,"featured_media":10812,"parent":0,"menu_order":0,"comment_status":"closed","ping_status":"closed","template":"","meta":{"footnotes":""},"class_list":["post-11795","page","type-page","status-publish","has-post-thumbnail","hentry"],"_links":{"self":[{"href":"https:\/\/winonline.training\/it\/wp-json\/wp\/v2\/pages\/11795","targetHints":{"allow":["GET"]}}],"collection":[{"href":"https:\/\/winonline.training\/it\/wp-json\/wp\/v2\/pages"}],"about":[{"href":"https:\/\/winonline.training\/it\/wp-json\/wp\/v2\/types\/page"}],"author":[{"embeddable":true,"href":"https:\/\/winonline.training\/it\/wp-json\/wp\/v2\/users\/1"}],"replies":[{"embeddable":true,"href":"https:\/\/winonline.training\/it\/wp-json\/wp\/v2\/comments?post=11795"}],"version-history":[{"count":0,"href":"https:\/\/winonline.training\/it\/wp-json\/wp\/v2\/pages\/11795\/revisions"}],"wp:featuredmedia":[{"embeddable":true,"href":"https:\/\/winonline.training\/it\/wp-json\/wp\/v2\/media\/10812"}],"wp:attachment":[{"href":"https:\/\/winonline.training\/it\/wp-json\/wp\/v2\/media?parent=11795"}],"curies":[{"name":"wp","href":"https:\/\/api.w.org\/{rel}","templated":true}]}}