{"id":11748,"date":"2020-09-17T09:02:33","date_gmt":"2020-09-17T08:02:33","guid":{"rendered":"https:\/\/winonline.training\/compendium\/"},"modified":"2021-10-10T21:50:25","modified_gmt":"2021-10-10T20:50:25","slug":"compendium","status":"publish","type":"page","link":"https:\/\/winonline.training\/it\/compendium\/","title":{"rendered":"Compendium"},"content":{"rendered":"\t\t<div data-elementor-type=\"wp-page\" data-elementor-id=\"11748\" class=\"elementor elementor-11748 elementor-1998\" data-elementor-post-type=\"page\">\n\t\t\t\t\t\t<section class=\"elementor-section elementor-top-section elementor-element elementor-element-157a13b2 elementor-section-boxed elementor-section-height-default elementor-section-height-default\" data-id=\"157a13b2\" data-element_type=\"section\">\n\t\t\t\t\t\t<div class=\"elementor-container elementor-column-gap-default\">\n\t\t\t\t\t<div class=\"elementor-column elementor-col-100 elementor-top-column elementor-element elementor-element-bdbbad3\" data-id=\"bdbbad3\" data-element_type=\"column\">\n\t\t\t<div class=\"elementor-widget-wrap elementor-element-populated\">\n\t\t\t\t\t\t<div class=\"elementor-element elementor-element-2bc83283 elementor-widget elementor-widget-text-editor\" data-id=\"2bc83283\" data-element_type=\"widget\" data-widget_type=\"text-editor.default\">\n\t\t\t\t<div class=\"elementor-widget-container\">\n\t\t\t\t\t\t\t<h3><strong>Compendium \u00a0sulle pratiche innovative ed efficaci e gli strumenti per le donne nell\u2019imprenditoria digitale<\/strong><\/h3>\n<p><img decoding=\"async\" class=\"alignleft wp-image-10636 size-medium\" src=\"https:\/\/winonline.training\/wp-content\/uploads\/2019\/12\/featured-image-learning-300x158.png\" alt=\"\" width=\"300\" height=\"158\" srcset=\"https:\/\/winonline.training\/wp-content\/uploads\/2019\/12\/featured-image-learning-300x158.png 300w, https:\/\/winonline.training\/wp-content\/uploads\/2019\/12\/featured-image-learning-1024x538.png 1024w, https:\/\/winonline.training\/wp-content\/uploads\/2019\/12\/featured-image-learning-768x403.png 768w, https:\/\/winonline.training\/wp-content\/uploads\/2019\/12\/featured-image-learning-400x210.png 400w, https:\/\/winonline.training\/wp-content\/uploads\/2019\/12\/featured-image-learning-624x328.png 624w, https:\/\/winonline.training\/wp-content\/uploads\/2019\/12\/featured-image-learning.png 1200w\" sizes=\"(max-width: 300px) 100vw, 300px\" \/>Il compendio \u00a0sar\u00e0 un pacchetto innovativo di pratiche e strumenti efficaci gi\u00e0 esistenti di imprenditoria digitale femminile, che garantir\u00e0 che le informazioni raccolte nel compendio saranno ad uso di istituti di formazione \/ organizzazioni \/ scuole nazionali che stanno cercando di identificare pratiche innovative e di supporto e strumenti per aiutare le donne di et\u00e0 superiore a 40 anni a diventare imprenditrici nel web (questo target ha un profilo specifico).<\/p>\n<p>Questo compendio \u00e8 da considerarsi una fotografia dello stato attuale delle cose e dovrebbe essere aggiornata regolarmente. Se vuoi contribuire ai seguenti dati, non esitare a contattarci!<\/p>\n\t\t\t\t\t\t<\/div>\n\t\t\t\t<\/div>\n\t\t\t\t\t<\/div>\n\t\t<\/div>\n\t\t\t\t\t<\/div>\n\t\t<\/section>\n\t\t\t\t<\/div>\n\t\t","protected":false},"excerpt":{"rendered":"<p>Compendium \u00a0sulle pratiche innovative ed efficaci e gli strumenti per le donne nell\u2019imprenditoria digitale Il compendio \u00a0sar\u00e0 un pacchetto innovativo di pratiche e strumenti efficaci&hellip;<\/p>\n","protected":false},"author":1,"featured_media":10728,"parent":0,"menu_order":0,"comment_status":"closed","ping_status":"closed","template":"","meta":{"footnotes":""},"_links":{"self":[{"href":"https:\/\/winonline.training\/it\/wp-json\/wp\/v2\/pages\/11748"}],"collection":[{"href":"https:\/\/winonline.training\/it\/wp-json\/wp\/v2\/pages"}],"about":[{"href":"https:\/\/winonline.training\/it\/wp-json\/wp\/v2\/types\/page"}],"author":[{"embeddable":true,"href":"https:\/\/winonline.training\/it\/wp-json\/wp\/v2\/users\/1"}],"replies":[{"embeddable":true,"href":"https:\/\/winonline.training\/it\/wp-json\/wp\/v2\/comments?post=11748"}],"version-history":[{"count":0,"href":"https:\/\/winonline.training\/it\/wp-json\/wp\/v2\/pages\/11748\/revisions"}],"wp:featuredmedia":[{"embeddable":true,"href":"https:\/\/winonline.training\/it\/wp-json\/wp\/v2\/media\/10728"}],"wp:attachment":[{"href":"https:\/\/winonline.training\/it\/wp-json\/wp\/v2\/media?parent=11748"}],"curies":[{"name":"wp","href":"https:\/\/api.w.org\/{rel}","templated":true}]}}