{"id":11746,"date":"2020-08-31T10:51:16","date_gmt":"2020-08-31T09:51:16","guid":{"rendered":"https:\/\/winonline.training\/sondaggio-online-per-le-donne\/"},"modified":"2020-11-02T12:09:49","modified_gmt":"2020-11-02T11:09:49","slug":"sondaggio-online-per-le-donne","status":"publish","type":"page","link":"https:\/\/winonline.training\/it\/sondaggio-online-per-le-donne\/","title":{"rendered":"Sondaggio online per le donne"},"content":{"rendered":"<h3>Sondaggio online per le donne<\/h3>\n\n<div\n\t class=\"wpml-ls-statics-shortcode_actions wpml-ls wpml-ls-legacy-dropdown js-wpml-ls-legacy-dropdown\">\n\t<ul>\n\n\t\t<li tabindex=\"0\" class=\"wpml-ls-slot-shortcode_actions wpml-ls-item wpml-ls-item-it wpml-ls-current-language wpml-ls-item-legacy-dropdown\">\n\t\t\t<a href=\"#\" class=\"js-wpml-ls-item-toggle wpml-ls-item-toggle\">\n                                                    <img decoding=\"async\"\n            class=\"wpml-ls-flag\"\n            src=\"https:\/\/winonline.training\/wp-content\/plugins\/sitepress-multilingual-cms\/res\/flags\/it.png\"\n            alt=\"Italiano\"\n            width=18\n            height=12\n    \/><\/a>\n\n\t\t\t<ul class=\"wpml-ls-sub-menu\">\n\t\t\t\t\n\t\t\t\t\t<li class=\"wpml-ls-slot-shortcode_actions wpml-ls-item wpml-ls-item-en wpml-ls-first-item\">\n\t\t\t\t\t\t<a href=\"https:\/\/winonline.training\/\" class=\"wpml-ls-link\">\n                                                                <img decoding=\"async\"\n            class=\"wpml-ls-flag\"\n            src=\"https:\/\/winonline.training\/wp-content\/plugins\/sitepress-multilingual-cms\/res\/flags\/en.png\"\n            alt=\"Inglese\"\n            width=18\n            height=12\n    \/><\/a>\n\t\t\t\t\t<\/li>\n\n\t\t\t\t\n\t\t\t\t\t<li class=\"wpml-ls-slot-shortcode_actions wpml-ls-item wpml-ls-item-fi\">\n\t\t\t\t\t\t<a href=\"https:\/\/winonline.training\/fi\/\" class=\"wpml-ls-link\">\n                                                                <img decoding=\"async\"\n            class=\"wpml-ls-flag\"\n            src=\"https:\/\/winonline.training\/wp-content\/plugins\/sitepress-multilingual-cms\/res\/flags\/fi.png\"\n            alt=\"Finlandese\"\n            width=18\n            height=12\n    \/><\/a>\n\t\t\t\t\t<\/li>\n\n\t\t\t\t\n\t\t\t\t\t<li class=\"wpml-ls-slot-shortcode_actions wpml-ls-item wpml-ls-item-el\">\n\t\t\t\t\t\t<a href=\"https:\/\/winonline.training\/el\/\" class=\"wpml-ls-link\">\n                                                                <img decoding=\"async\"\n            class=\"wpml-ls-flag\"\n            src=\"https:\/\/winonline.training\/wp-content\/plugins\/sitepress-multilingual-cms\/res\/flags\/el.png\"\n            alt=\"Greco\"\n            width=18\n            height=12\n    \/><\/a>\n\t\t\t\t\t<\/li>\n\n\t\t\t\t\n\t\t\t\t\t<li class=\"wpml-ls-slot-shortcode_actions wpml-ls-item wpml-ls-item-lt\">\n\t\t\t\t\t\t<a href=\"https:\/\/winonline.training\/lt\/\" class=\"wpml-ls-link\">\n                                                                <img decoding=\"async\"\n            class=\"wpml-ls-flag\"\n            src=\"https:\/\/winonline.training\/wp-content\/plugins\/sitepress-multilingual-cms\/res\/flags\/lt.png\"\n            alt=\"Lituano\"\n            width=18\n            height=12\n    \/><\/a>\n\t\t\t\t\t<\/li>\n\n\t\t\t\t\n\t\t\t\t\t<li class=\"wpml-ls-slot-shortcode_actions wpml-ls-item wpml-ls-item-es wpml-ls-last-item\">\n\t\t\t\t\t\t<a href=\"https:\/\/winonline.training\/es\/\" class=\"wpml-ls-link\">\n                                                                <img decoding=\"async\"\n            class=\"wpml-ls-flag\"\n            src=\"https:\/\/winonline.training\/wp-content\/plugins\/sitepress-multilingual-cms\/res\/flags\/es.png\"\n            alt=\"Spagnolo\"\n            width=18\n            height=12\n    \/><\/a>\n\t\t\t\t\t<\/li>\n\n\t\t\t\t\t\t\t<\/ul>\n\n\t\t<\/li>\n\n\t<\/ul>\n<\/div>\n\n<p>La nostra partnership sta conducendo un sondaggio online, rivolto alle donne che vogliono diventare e-imprenditrici.<\/p>\n<p>Ci vogliono solo 3 minuti per compilare il questionario.<\/p>\n<p>Lo scopo dell\u2019indagine \u00e8 identificare il livello di conoscenza in materia di imprenditorialit\u00e0 e e-business, la mancanza di abilit\u00e0 e competenze in materia di imprenditorialit\u00e0, abilit\u00e0 informatiche e marketing, le aspettative da un programma<\/p>\n<p>di formazione per e-imprenditorialit\u00e0.<\/p>\n<p>Il sondaggio online si svolge nell\u2019ambito dell\u2019attuazione del progetto Erasmus +\u00a0<strong><a href=\"https:\/\/2020.winonline.training\/\" target=\"_blank\" rel=\"noopener noreferrer\">WinOnLine<\/a><\/strong>, che si concentra sulle donne di et\u00e0 superiore ai 40 anni e mira a formarle per diventare imprenditrici elettroniche.<\/p>\n<p>&nbsp;<\/p>\n\n<p><\/p>\n","protected":false},"excerpt":{"rendered":"<p>Sondaggio online per le donne La nostra partnership sta conducendo un sondaggio online, rivolto alle donne che vogliono diventare e-imprenditrici. Ci vogliono solo 3 minuti&hellip;<\/p>\n","protected":false},"author":1,"featured_media":0,"parent":0,"menu_order":0,"comment_status":"closed","ping_status":"closed","template":"","meta":{"footnotes":""},"_links":{"self":[{"href":"https:\/\/winonline.training\/it\/wp-json\/wp\/v2\/pages\/11746"}],"collection":[{"href":"https:\/\/winonline.training\/it\/wp-json\/wp\/v2\/pages"}],"about":[{"href":"https:\/\/winonline.training\/it\/wp-json\/wp\/v2\/types\/page"}],"author":[{"embeddable":true,"href":"https:\/\/winonline.training\/it\/wp-json\/wp\/v2\/users\/1"}],"replies":[{"embeddable":true,"href":"https:\/\/winonline.training\/it\/wp-json\/wp\/v2\/comments?post=11746"}],"version-history":[{"count":0,"href":"https:\/\/winonline.training\/it\/wp-json\/wp\/v2\/pages\/11746\/revisions"}],"wp:attachment":[{"href":"https:\/\/winonline.training\/it\/wp-json\/wp\/v2\/media?parent=11746"}],"curies":[{"name":"wp","href":"https:\/\/api.w.org\/{rel}","templated":true}]}}