{"id":11760,"date":"2020-05-27T09:31:29","date_gmt":"2020-05-27T08:31:29","guid":{"rendered":"https:\/\/winonline.training\/online-kysely-ammattilaisille\/"},"modified":"2020-11-02T11:54:18","modified_gmt":"2020-11-02T10:54:18","slug":"online-kysely-ammattilaisille","status":"publish","type":"page","link":"https:\/\/winonline.training\/fi\/online-kysely-ammattilaisille\/","title":{"rendered":"Online-kysely ammattilaisille"},"content":{"rendered":"<h3 style=\"text-align: center;\">Online-kysely ammattilaisille<\/h3>\n<p style=\"text-align: center;\"><strong>\n<div\n\t class=\"wpml-ls-statics-shortcode_actions wpml-ls wpml-ls-legacy-dropdown js-wpml-ls-legacy-dropdown\">\n\t<ul>\n\n\t\t<li tabindex=\"0\" class=\"wpml-ls-slot-shortcode_actions wpml-ls-item wpml-ls-item-fi wpml-ls-current-language wpml-ls-item-legacy-dropdown\">\n\t\t\t<a href=\"#\" class=\"js-wpml-ls-item-toggle wpml-ls-item-toggle\">\n                                                    <img decoding=\"async\"\n            class=\"wpml-ls-flag\"\n            src=\"https:\/\/winonline.training\/wp-content\/plugins\/sitepress-multilingual-cms\/res\/flags\/fi.png\"\n            alt=\"Suomi\"\n            width=18\n            height=12\n    \/><\/a>\n\n\t\t\t<ul class=\"wpml-ls-sub-menu\">\n\t\t\t\t\n\t\t\t\t\t<li class=\"wpml-ls-slot-shortcode_actions wpml-ls-item wpml-ls-item-en wpml-ls-first-item\">\n\t\t\t\t\t\t<a href=\"https:\/\/winonline.training\/\" class=\"wpml-ls-link\">\n                                                                <img decoding=\"async\"\n            class=\"wpml-ls-flag\"\n            src=\"https:\/\/winonline.training\/wp-content\/plugins\/sitepress-multilingual-cms\/res\/flags\/en.png\"\n            alt=\"englanti\"\n            width=18\n            height=12\n    \/><\/a>\n\t\t\t\t\t<\/li>\n\n\t\t\t\t\n\t\t\t\t\t<li class=\"wpml-ls-slot-shortcode_actions wpml-ls-item wpml-ls-item-el\">\n\t\t\t\t\t\t<a href=\"https:\/\/winonline.training\/el\/\" class=\"wpml-ls-link\">\n                                                                <img decoding=\"async\"\n            class=\"wpml-ls-flag\"\n            src=\"https:\/\/winonline.training\/wp-content\/plugins\/sitepress-multilingual-cms\/res\/flags\/el.png\"\n            alt=\"kreikka\"\n            width=18\n            height=12\n    \/><\/a>\n\t\t\t\t\t<\/li>\n\n\t\t\t\t\n\t\t\t\t\t<li class=\"wpml-ls-slot-shortcode_actions wpml-ls-item wpml-ls-item-it\">\n\t\t\t\t\t\t<a href=\"https:\/\/winonline.training\/it\/\" class=\"wpml-ls-link\">\n                                                                <img decoding=\"async\"\n            class=\"wpml-ls-flag\"\n            src=\"https:\/\/winonline.training\/wp-content\/plugins\/sitepress-multilingual-cms\/res\/flags\/it.png\"\n            alt=\"italia\"\n            width=18\n            height=12\n    \/><\/a>\n\t\t\t\t\t<\/li>\n\n\t\t\t\t\n\t\t\t\t\t<li class=\"wpml-ls-slot-shortcode_actions wpml-ls-item wpml-ls-item-lt\">\n\t\t\t\t\t\t<a href=\"https:\/\/winonline.training\/lt\/\" class=\"wpml-ls-link\">\n                                                                <img decoding=\"async\"\n            class=\"wpml-ls-flag\"\n            src=\"https:\/\/winonline.training\/wp-content\/plugins\/sitepress-multilingual-cms\/res\/flags\/lt.png\"\n            alt=\"liettua\"\n            width=18\n            height=12\n    \/><\/a>\n\t\t\t\t\t<\/li>\n\n\t\t\t\t\n\t\t\t\t\t<li class=\"wpml-ls-slot-shortcode_actions wpml-ls-item wpml-ls-item-es wpml-ls-last-item\">\n\t\t\t\t\t\t<a href=\"https:\/\/winonline.training\/es\/\" class=\"wpml-ls-link\">\n                                                                <img decoding=\"async\"\n            class=\"wpml-ls-flag\"\n            src=\"https:\/\/winonline.training\/wp-content\/plugins\/sitepress-multilingual-cms\/res\/flags\/es.png\"\n            alt=\"espanja\"\n            width=18\n            height=12\n    \/><\/a>\n\t\t\t\t\t<\/li>\n\n\t\t\t\t\t\t\t<\/ul>\n\n\t\t<\/li>\n\n\t<\/ul>\n<\/div>\n<\/strong><\/p>\n<p style=\"text-align: justify;\"><span class=\"gform_description\"><strong><img fetchpriority=\"high\" decoding=\"async\" class=\"size-full wp-image-11206 alignright\" src=\"https:\/\/2020.winonline.training\/wp-content\/uploads\/2020\/05\/WIN-online-survey-image.png\" alt=\"\" width=\"300\" height=\"300\" srcset=\"https:\/\/winonline.training\/wp-content\/uploads\/2020\/05\/WIN-online-survey-image.png 300w, https:\/\/winonline.training\/wp-content\/uploads\/2020\/05\/WIN-online-survey-image-150x150.png 150w\" sizes=\"(max-width: 300px) 100vw, 300px\" \/><\/strong>Yhteisty\u00f6mme tekee online-kyselyn, joka on osoitettu yritt\u00e4jyyden \/ naisyritt\u00e4jyyden koulutuksen tarjoajille, asiantuntijoille, ammattilaisille ja mentoreille.<\/span><\/p>\n<p style=\"text-align: justify;\">Tutkimuksen tarkoituksena on tutkia tehokkaimpia ty\u00f6kaluja ja k\u00e4yt\u00e4nt\u00f6j\u00e4 naisten kouluttamiseksi oman yrityksen \/ s\u00e4hk\u00f6isen liiketoiminnan luomiseksi.<\/p>\n<p style=\"text-align: justify;\">Verkkokysely tapahtuu osana Erasmus + -hanketta WinOnLine, joka keskittyy naisiin ja jonka tavoitteena on kouluttaa yli 40-vuotiaita naisia \u200b\u200be-yritt\u00e4jiksi.<\/p>\n<p>Lis\u00e4tietoja projektista voit k\u00e4yd\u00e4:<strong><a href=\"https:\/\/2020.winonline.training\/\" target=\"_blank\" rel=\"noopener noreferrer\">https:\/\/2020.winonline.training\/<\/a><\/strong><\/p>\n","protected":false},"excerpt":{"rendered":"<p>Online-kysely ammattilaisille Yhteisty\u00f6mme tekee online-kyselyn, joka on osoitettu yritt\u00e4jyyden \/ naisyritt\u00e4jyyden koulutuksen tarjoajille, asiantuntijoille, ammattilaisille ja mentoreille. Tutkimuksen tarkoituksena on tutkia tehokkaimpia ty\u00f6kaluja ja k\u00e4yt\u00e4nt\u00f6j\u00e4&hellip;<\/p>\n","protected":false},"author":1,"featured_media":0,"parent":0,"menu_order":0,"comment_status":"closed","ping_status":"closed","template":"","meta":{"footnotes":""},"_links":{"self":[{"href":"https:\/\/winonline.training\/fi\/wp-json\/wp\/v2\/pages\/11760"}],"collection":[{"href":"https:\/\/winonline.training\/fi\/wp-json\/wp\/v2\/pages"}],"about":[{"href":"https:\/\/winonline.training\/fi\/wp-json\/wp\/v2\/types\/page"}],"author":[{"embeddable":true,"href":"https:\/\/winonline.training\/fi\/wp-json\/wp\/v2\/users\/1"}],"replies":[{"embeddable":true,"href":"https:\/\/winonline.training\/fi\/wp-json\/wp\/v2\/comments?post=11760"}],"version-history":[{"count":0,"href":"https:\/\/winonline.training\/fi\/wp-json\/wp\/v2\/pages\/11760\/revisions"}],"wp:attachment":[{"href":"https:\/\/winonline.training\/fi\/wp-json\/wp\/v2\/media?parent=11760"}],"curies":[{"name":"wp","href":"https:\/\/api.w.org\/{rel}","templated":true}]}}