{"id":11745,"date":"2020-08-31T10:51:16","date_gmt":"2020-08-31T09:51:16","guid":{"rendered":"https:\/\/winonline.training\/verkkokysely-naisille\/"},"modified":"2020-11-02T12:07:37","modified_gmt":"2020-11-02T11:07:37","slug":"verkkokysely-naisille","status":"publish","type":"page","link":"https:\/\/winonline.training\/fi\/verkkokysely-naisille\/","title":{"rendered":"Verkkokysely naisille"},"content":{"rendered":"<h3 id=\"tw-target-text\" class=\"tw-data-text tw-text-large XcVN5d tw-ta\" dir=\"ltr\" data-placeholder=\"\u039c\u03b5\u03c4\u03ac\u03c6\u03c1\u03b1\u03c3\u03b7\"><span lang=\"fi\">Verkkokysely naisille<\/span><\/h3>\n\n<div\n\t class=\"wpml-ls-statics-shortcode_actions wpml-ls wpml-ls-legacy-dropdown js-wpml-ls-legacy-dropdown\">\n\t<ul>\n\n\t\t<li tabindex=\"0\" class=\"wpml-ls-slot-shortcode_actions wpml-ls-item wpml-ls-item-fi wpml-ls-current-language wpml-ls-item-legacy-dropdown\">\n\t\t\t<a href=\"#\" class=\"js-wpml-ls-item-toggle wpml-ls-item-toggle\">\n                                                    <img decoding=\"async\"\n            class=\"wpml-ls-flag\"\n            src=\"https:\/\/winonline.training\/wp-content\/plugins\/sitepress-multilingual-cms\/res\/flags\/fi.png\"\n            alt=\"Suomi\"\n            width=18\n            height=12\n    \/><\/a>\n\n\t\t\t<ul class=\"wpml-ls-sub-menu\">\n\t\t\t\t\n\t\t\t\t\t<li class=\"wpml-ls-slot-shortcode_actions wpml-ls-item wpml-ls-item-en wpml-ls-first-item\">\n\t\t\t\t\t\t<a href=\"https:\/\/winonline.training\/\" class=\"wpml-ls-link\">\n                                                                <img decoding=\"async\"\n            class=\"wpml-ls-flag\"\n            src=\"https:\/\/winonline.training\/wp-content\/plugins\/sitepress-multilingual-cms\/res\/flags\/en.png\"\n            alt=\"englanti\"\n            width=18\n            height=12\n    \/><\/a>\n\t\t\t\t\t<\/li>\n\n\t\t\t\t\n\t\t\t\t\t<li class=\"wpml-ls-slot-shortcode_actions wpml-ls-item wpml-ls-item-el\">\n\t\t\t\t\t\t<a href=\"https:\/\/winonline.training\/el\/\" class=\"wpml-ls-link\">\n                                                                <img decoding=\"async\"\n            class=\"wpml-ls-flag\"\n            src=\"https:\/\/winonline.training\/wp-content\/plugins\/sitepress-multilingual-cms\/res\/flags\/el.png\"\n            alt=\"kreikka\"\n            width=18\n            height=12\n    \/><\/a>\n\t\t\t\t\t<\/li>\n\n\t\t\t\t\n\t\t\t\t\t<li class=\"wpml-ls-slot-shortcode_actions wpml-ls-item wpml-ls-item-it\">\n\t\t\t\t\t\t<a href=\"https:\/\/winonline.training\/it\/\" class=\"wpml-ls-link\">\n                                                                <img decoding=\"async\"\n            class=\"wpml-ls-flag\"\n            src=\"https:\/\/winonline.training\/wp-content\/plugins\/sitepress-multilingual-cms\/res\/flags\/it.png\"\n            alt=\"italia\"\n            width=18\n            height=12\n    \/><\/a>\n\t\t\t\t\t<\/li>\n\n\t\t\t\t\n\t\t\t\t\t<li class=\"wpml-ls-slot-shortcode_actions wpml-ls-item wpml-ls-item-lt\">\n\t\t\t\t\t\t<a href=\"https:\/\/winonline.training\/lt\/\" class=\"wpml-ls-link\">\n                                                                <img decoding=\"async\"\n            class=\"wpml-ls-flag\"\n            src=\"https:\/\/winonline.training\/wp-content\/plugins\/sitepress-multilingual-cms\/res\/flags\/lt.png\"\n            alt=\"liettua\"\n            width=18\n            height=12\n    \/><\/a>\n\t\t\t\t\t<\/li>\n\n\t\t\t\t\n\t\t\t\t\t<li class=\"wpml-ls-slot-shortcode_actions wpml-ls-item wpml-ls-item-es wpml-ls-last-item\">\n\t\t\t\t\t\t<a href=\"https:\/\/winonline.training\/es\/\" class=\"wpml-ls-link\">\n                                                                <img decoding=\"async\"\n            class=\"wpml-ls-flag\"\n            src=\"https:\/\/winonline.training\/wp-content\/plugins\/sitepress-multilingual-cms\/res\/flags\/es.png\"\n            alt=\"espanja\"\n            width=18\n            height=12\n    \/><\/a>\n\t\t\t\t\t<\/li>\n\n\t\t\t\t\t\t\t<\/ul>\n\n\t\t<\/li>\n\n\t<\/ul>\n<\/div>\n\n<p style=\"text-align: justify;\">Kumppanuutemme tekee online-kyselyn naisille, jotka haluavat tulla s\u00e4hk\u00f6isiksi yritt\u00e4jiksi.<\/p>\n<p style=\"text-align: justify;\">Kyselylomakkeen t\u00e4ytt\u00e4minen vie vain 3 minuuttia.<\/p>\n<p style=\"text-align: justify;\">Tutkimuksen tarkoituksena on tunnistaa yritt\u00e4jyyteen ja s\u00e4hk\u00f6iseen liiketoimintaan liittyv\u00e4 tietotaso, yritt\u00e4jyyteen liittyvien taitojen ja osaamisen puute, tietotekniikkataidot ja markkinointi sek\u00e4 odotukset s\u00e4hk\u00f6isen yritt\u00e4jyyden koulutusohjelmasta.<\/p>\n<p style=\"text-align: justify;\">Verkkokysely tapahtuu Erasmus + -hankkeen toteuttamisen yhteydess\u00e4 <strong><a href=\"https:\/\/2020.winonline.training\/\" target=\"_blank\" rel=\"noopener noreferrer\">WinOnLine<\/a><\/strong>, se keskittyy yli 40-vuotiaisiin naisiin ja pyrkii kouluttamaan heid\u00e4t s\u00e4hk\u00f6isiin yritt\u00e4jiin.<\/p>\n\n<p><\/p>\n","protected":false},"excerpt":{"rendered":"<p>Verkkokysely naisille Kumppanuutemme tekee online-kyselyn naisille, jotka haluavat tulla s\u00e4hk\u00f6isiksi yritt\u00e4jiksi. Kyselylomakkeen t\u00e4ytt\u00e4minen vie vain 3 minuuttia. Tutkimuksen tarkoituksena on tunnistaa yritt\u00e4jyyteen ja s\u00e4hk\u00f6iseen liiketoimintaan&hellip;<\/p>\n","protected":false},"author":1,"featured_media":0,"parent":0,"menu_order":0,"comment_status":"closed","ping_status":"closed","template":"","meta":{"footnotes":""},"_links":{"self":[{"href":"https:\/\/winonline.training\/fi\/wp-json\/wp\/v2\/pages\/11745"}],"collection":[{"href":"https:\/\/winonline.training\/fi\/wp-json\/wp\/v2\/pages"}],"about":[{"href":"https:\/\/winonline.training\/fi\/wp-json\/wp\/v2\/types\/page"}],"author":[{"embeddable":true,"href":"https:\/\/winonline.training\/fi\/wp-json\/wp\/v2\/users\/1"}],"replies":[{"embeddable":true,"href":"https:\/\/winonline.training\/fi\/wp-json\/wp\/v2\/comments?post=11745"}],"version-history":[{"count":0,"href":"https:\/\/winonline.training\/fi\/wp-json\/wp\/v2\/pages\/11745\/revisions"}],"wp:attachment":[{"href":"https:\/\/winonline.training\/fi\/wp-json\/wp\/v2\/media?parent=11745"}],"curies":[{"name":"wp","href":"https:\/\/api.w.org\/{rel}","templated":true}]}}