{"id":11696,"date":"2020-10-12T08:51:35","date_gmt":"2020-10-12T07:51:35","guid":{"rendered":"https:\/\/winonline.training\/materiaali\/"},"modified":"2022-07-29T11:34:10","modified_gmt":"2022-07-29T10:34:10","slug":"materiaali","status":"publish","type":"page","link":"https:\/\/winonline.training\/fi\/materiaali\/","title":{"rendered":"Materiaali"},"content":{"rendered":"\t\t<div data-elementor-type=\"wp-page\" data-elementor-id=\"11696\" class=\"elementor elementor-11696 elementor-2957\" data-elementor-post-type=\"page\">\n\t\t\t\t\t\t<section class=\"elementor-section elementor-top-section elementor-element elementor-element-d9dc5e8 elementor-section-boxed elementor-section-height-default elementor-section-height-default\" data-id=\"d9dc5e8\" data-element_type=\"section\">\n\t\t\t\t\t\t<div class=\"elementor-container elementor-column-gap-default\">\n\t\t\t\t\t<div class=\"elementor-column elementor-col-100 elementor-top-column elementor-element elementor-element-fb36795\" data-id=\"fb36795\" data-element_type=\"column\">\n\t\t\t<div class=\"elementor-widget-wrap elementor-element-populated\">\n\t\t\t\t\t\t<div class=\"elementor-element elementor-element-e3fcb36 elementor-widget elementor-widget-spacer\" data-id=\"e3fcb36\" data-element_type=\"widget\" data-widget_type=\"spacer.default\">\n\t\t\t\t<div class=\"elementor-widget-container\">\n\t\t\t\t\t<div class=\"elementor-spacer\">\n\t\t\t<div class=\"elementor-spacer-inner\"><\/div>\n\t\t<\/div>\n\t\t\t\t<\/div>\n\t\t\t\t<\/div>\n\t\t\t\t\t<\/div>\n\t\t<\/div>\n\t\t\t\t\t<\/div>\n\t\t<\/section>\n\t\t\t\t<section class=\"elementor-section elementor-top-section elementor-element elementor-element-491eb3c elementor-section-boxed elementor-section-height-default elementor-section-height-default\" data-id=\"491eb3c\" data-element_type=\"section\">\n\t\t\t\t\t\t<div class=\"elementor-container elementor-column-gap-default\">\n\t\t\t\t\t<div class=\"elementor-column elementor-col-50 elementor-top-column elementor-element elementor-element-c00a7d5\" data-id=\"c00a7d5\" data-element_type=\"column\">\n\t\t\t<div class=\"elementor-widget-wrap elementor-element-populated\">\n\t\t\t\t\t\t<div class=\"elementor-element elementor-element-a6982ec elementor-widget elementor-widget-heading\" data-id=\"a6982ec\" data-element_type=\"widget\" data-widget_type=\"heading.default\">\n\t\t\t\t<div class=\"elementor-widget-container\">\n\t\t\t<h2 class=\"elementor-heading-title elementor-size-default\">Esite<\/h2>\t\t<\/div>\n\t\t\t\t<\/div>\n\t\t\t\t<div class=\"elementor-element elementor-element-339fbb1 elementor-widget elementor-widget-image\" data-id=\"339fbb1\" data-element_type=\"widget\" data-widget_type=\"image.default\">\n\t\t\t\t<div class=\"elementor-widget-container\">\n\t\t\t\t\t\t\t\t\t\t\t\t\t\t<a href=\"https:\/\/winonline.training\/wp-content\/uploads\/2020\/10\/WIN-Brochure-FL-1.pdf\" target=\"_blank\">\n\t\t\t\t\t\t\t<img fetchpriority=\"high\" decoding=\"async\" width=\"600\" height=\"336\" src=\"https:\/\/winonline.training\/wp-content\/uploads\/2020\/11\/WIN-Brochure-FL-1.png\" class=\"attachment-full size-full wp-image-11923\" alt=\"\" srcset=\"https:\/\/winonline.training\/wp-content\/uploads\/2020\/11\/WIN-Brochure-FL-1.png 600w, https:\/\/winonline.training\/wp-content\/uploads\/2020\/11\/WIN-Brochure-FL-1-300x168.png 300w, https:\/\/winonline.training\/wp-content\/uploads\/2020\/11\/WIN-Brochure-FL-1-400x224.png 400w\" sizes=\"(max-width: 600px) 100vw, 600px\" \/>\t\t\t\t\t\t\t\t<\/a>\n\t\t\t\t\t\t\t\t\t\t\t\t\t<\/div>\n\t\t\t\t<\/div>\n\t\t\t\t<div class=\"elementor-element elementor-element-33fbbc5 elementor-align-center elementor-widget elementor-widget-button\" data-id=\"33fbbc5\" data-element_type=\"widget\" data-widget_type=\"button.default\">\n\t\t\t\t<div class=\"elementor-widget-container\">\n\t\t\t\t\t<div class=\"elementor-button-wrapper\">\n\t\t\t<a class=\"elementor-button elementor-button-link elementor-size-sm\" href=\"https:\/\/winonline.training\/wp-content\/uploads\/2020\/10\/WIN-Brochure-FL-1.pdf\" target=\"_blank\">\n\t\t\t\t\t\t<span class=\"elementor-button-content-wrapper\">\n\t\t\t\t\t\t<span class=\"elementor-button-text\">Klikkaa t\u00e4st\u00e4<\/span>\n\t\t<\/span>\n\t\t\t\t\t<\/a>\n\t\t<\/div>\n\t\t\t\t<\/div>\n\t\t\t\t<\/div>\n\t\t\t\t\t<\/div>\n\t\t<\/div>\n\t\t\t\t<div class=\"elementor-column elementor-col-50 elementor-top-column elementor-element elementor-element-90009b3\" data-id=\"90009b3\" data-element_type=\"column\">\n\t\t\t<div class=\"elementor-widget-wrap elementor-element-populated\">\n\t\t\t\t\t\t<div class=\"elementor-element elementor-element-457c82e elementor-widget elementor-widget-heading\" data-id=\"457c82e\" data-element_type=\"widget\" data-widget_type=\"heading.default\">\n\t\t\t\t<div class=\"elementor-widget-container\">\n\t\t\t<h2 class=\"elementor-heading-title elementor-size-default\">Lentolehtinen<\/h2>\t\t<\/div>\n\t\t\t\t<\/div>\n\t\t\t\t<div class=\"elementor-element elementor-element-23d0a6c elementor-widget elementor-widget-image\" data-id=\"23d0a6c\" data-element_type=\"widget\" data-widget_type=\"image.default\">\n\t\t\t\t<div class=\"elementor-widget-container\">\n\t\t\t\t\t\t\t\t\t\t\t\t\t\t<a href=\"https:\/\/winonline.training\/wp-content\/uploads\/2020\/10\/WIN-Flyer-FL.pdf\" target=\"_blank\">\n\t\t\t\t\t\t\t<img decoding=\"async\" width=\"600\" height=\"336\" src=\"https:\/\/winonline.training\/wp-content\/uploads\/2020\/11\/WIN-Flyer-FL.png\" class=\"attachment-full size-full wp-image-11928\" alt=\"\" srcset=\"https:\/\/winonline.training\/wp-content\/uploads\/2020\/11\/WIN-Flyer-FL.png 600w, https:\/\/winonline.training\/wp-content\/uploads\/2020\/11\/WIN-Flyer-FL-300x168.png 300w, https:\/\/winonline.training\/wp-content\/uploads\/2020\/11\/WIN-Flyer-FL-400x224.png 400w\" sizes=\"(max-width: 600px) 100vw, 600px\" \/>\t\t\t\t\t\t\t\t<\/a>\n\t\t\t\t\t\t\t\t\t\t\t\t\t<\/div>\n\t\t\t\t<\/div>\n\t\t\t\t<div class=\"elementor-element elementor-element-72b5789 elementor-align-center elementor-widget elementor-widget-button\" data-id=\"72b5789\" data-element_type=\"widget\" data-widget_type=\"button.default\">\n\t\t\t\t<div class=\"elementor-widget-container\">\n\t\t\t\t\t<div class=\"elementor-button-wrapper\">\n\t\t\t<a class=\"elementor-button elementor-button-link elementor-size-sm\" href=\"https:\/\/winonline.training\/wp-content\/uploads\/2020\/10\/WIN-Flyer-FL.pdf\" target=\"_blank\">\n\t\t\t\t\t\t<span class=\"elementor-button-content-wrapper\">\n\t\t\t\t\t\t<span class=\"elementor-button-text\">Klikkaa t\u00e4st\u00e4<\/span>\n\t\t<\/span>\n\t\t\t\t\t<\/a>\n\t\t<\/div>\n\t\t\t\t<\/div>\n\t\t\t\t<\/div>\n\t\t\t\t\t<\/div>\n\t\t<\/div>\n\t\t\t\t\t<\/div>\n\t\t<\/section>\n\t\t\t\t<section class=\"elementor-section elementor-top-section elementor-element elementor-element-391f5ea elementor-section-boxed elementor-section-height-default elementor-section-height-default\" data-id=\"391f5ea\" data-element_type=\"section\">\n\t\t\t\t\t\t<div class=\"elementor-container elementor-column-gap-default\">\n\t\t\t\t\t<div class=\"elementor-column elementor-col-50 elementor-top-column elementor-element elementor-element-b263f15\" data-id=\"b263f15\" data-element_type=\"column\">\n\t\t\t<div class=\"elementor-widget-wrap elementor-element-populated\">\n\t\t\t\t\t\t<div class=\"elementor-element elementor-element-0657d2a elementor-widget elementor-widget-spacer\" data-id=\"0657d2a\" data-element_type=\"widget\" data-widget_type=\"spacer.default\">\n\t\t\t\t<div class=\"elementor-widget-container\">\n\t\t\t\t\t<div class=\"elementor-spacer\">\n\t\t\t<div class=\"elementor-spacer-inner\"><\/div>\n\t\t<\/div>\n\t\t\t\t<\/div>\n\t\t\t\t<\/div>\n\t\t\t\t<div class=\"elementor-element elementor-element-1752c13 elementor-widget elementor-widget-heading\" data-id=\"1752c13\" data-element_type=\"widget\" data-widget_type=\"heading.default\">\n\t\t\t\t<div class=\"elementor-widget-container\">\n\t\t\t<h2 class=\"elementor-heading-title elementor-size-default\">Uutiskirje 1<\/h2>\t\t<\/div>\n\t\t\t\t<\/div>\n\t\t\t\t<div class=\"elementor-element elementor-element-fea744e elementor-widget elementor-widget-image\" data-id=\"fea744e\" data-element_type=\"widget\" data-widget_type=\"image.default\">\n\t\t\t\t<div class=\"elementor-widget-container\">\n\t\t\t\t\t\t\t\t\t\t\t\t\t\t<a href=\"https:\/\/winonline.training\/wp-content\/uploads\/2022\/03\/WinOnLine_1st_Newsletter_FIN_Shortversion.pdf\" target=\"_blank\">\n\t\t\t\t\t\t\t<img decoding=\"async\" width=\"600\" height=\"336\" src=\"https:\/\/winonline.training\/wp-content\/uploads\/2022\/03\/WinOnLine_1st_Newsletter_FIN_Shortversion_mockup.png\" class=\"attachment-full size-full wp-image-21416\" alt=\"\" srcset=\"https:\/\/winonline.training\/wp-content\/uploads\/2022\/03\/WinOnLine_1st_Newsletter_FIN_Shortversion_mockup.png 600w, https:\/\/winonline.training\/wp-content\/uploads\/2022\/03\/WinOnLine_1st_Newsletter_FIN_Shortversion_mockup-300x168.png 300w\" sizes=\"(max-width: 600px) 100vw, 600px\" \/>\t\t\t\t\t\t\t\t<\/a>\n\t\t\t\t\t\t\t\t\t\t\t\t\t<\/div>\n\t\t\t\t<\/div>\n\t\t\t\t<div class=\"elementor-element elementor-element-12cbb4b elementor-align-center elementor-widget elementor-widget-button\" data-id=\"12cbb4b\" data-element_type=\"widget\" data-widget_type=\"button.default\">\n\t\t\t\t<div class=\"elementor-widget-container\">\n\t\t\t\t\t<div class=\"elementor-button-wrapper\">\n\t\t\t<a class=\"elementor-button elementor-button-link elementor-size-sm\" href=\"https:\/\/winonline.training\/wp-content\/uploads\/2022\/03\/WinOnLine_1st_Newsletter_FIN_Shortversion.pdf\" target=\"_blank\">\n\t\t\t\t\t\t<span class=\"elementor-button-content-wrapper\">\n\t\t\t\t\t\t<span class=\"elementor-button-text\">Klikkaa t\u00e4st\u00e4<\/span>\n\t\t<\/span>\n\t\t\t\t\t<\/a>\n\t\t<\/div>\n\t\t\t\t<\/div>\n\t\t\t\t<\/div>\n\t\t\t\t\t<\/div>\n\t\t<\/div>\n\t\t\t\t<div class=\"elementor-column elementor-col-50 elementor-top-column elementor-element elementor-element-d61da07\" data-id=\"d61da07\" data-element_type=\"column\">\n\t\t\t<div class=\"elementor-widget-wrap elementor-element-populated\">\n\t\t\t\t\t\t<div class=\"elementor-element elementor-element-0d25059 elementor-widget elementor-widget-spacer\" data-id=\"0d25059\" data-element_type=\"widget\" data-widget_type=\"spacer.default\">\n\t\t\t\t<div class=\"elementor-widget-container\">\n\t\t\t\t\t<div class=\"elementor-spacer\">\n\t\t\t<div class=\"elementor-spacer-inner\"><\/div>\n\t\t<\/div>\n\t\t\t\t<\/div>\n\t\t\t\t<\/div>\n\t\t\t\t<div class=\"elementor-element elementor-element-400cad4 elementor-widget elementor-widget-heading\" data-id=\"400cad4\" data-element_type=\"widget\" data-widget_type=\"heading.default\">\n\t\t\t\t<div class=\"elementor-widget-container\">\n\t\t\t<h2 class=\"elementor-heading-title elementor-size-default\">Uutiskirje 2<\/h2>\t\t<\/div>\n\t\t\t\t<\/div>\n\t\t\t\t<div class=\"elementor-element elementor-element-caafce3 elementor-widget elementor-widget-image\" data-id=\"caafce3\" data-element_type=\"widget\" data-widget_type=\"image.default\">\n\t\t\t\t<div class=\"elementor-widget-container\">\n\t\t\t\t\t\t\t\t\t\t\t\t\t\t<a href=\"https:\/\/winonline.training\/wp-content\/uploads\/2022\/07\/WinOnLine_2nd_Newsletter_final-FINN.pdf\" target=\"_blank\">\n\t\t\t\t\t\t\t<img loading=\"lazy\" decoding=\"async\" width=\"600\" height=\"336\" src=\"https:\/\/winonline.training\/wp-content\/uploads\/2022\/07\/WinOnLine_2nd_Newsletter_FI_mockup.png\" class=\"attachment-full size-full wp-image-23355\" alt=\"\" srcset=\"https:\/\/winonline.training\/wp-content\/uploads\/2022\/07\/WinOnLine_2nd_Newsletter_FI_mockup.png 600w, https:\/\/winonline.training\/wp-content\/uploads\/2022\/07\/WinOnLine_2nd_Newsletter_FI_mockup-300x168.png 300w\" sizes=\"(max-width: 600px) 100vw, 600px\" \/>\t\t\t\t\t\t\t\t<\/a>\n\t\t\t\t\t\t\t\t\t\t\t\t\t<\/div>\n\t\t\t\t<\/div>\n\t\t\t\t<div class=\"elementor-element elementor-element-025528a elementor-align-center elementor-widget elementor-widget-button\" data-id=\"025528a\" data-element_type=\"widget\" data-widget_type=\"button.default\">\n\t\t\t\t<div class=\"elementor-widget-container\">\n\t\t\t\t\t<div class=\"elementor-button-wrapper\">\n\t\t\t<a class=\"elementor-button elementor-button-link elementor-size-sm\" href=\"https:\/\/winonline.training\/wp-content\/uploads\/2022\/07\/WinOnLine_2nd_Newsletter_final-FINN.pdf\" target=\"_blank\">\n\t\t\t\t\t\t<span class=\"elementor-button-content-wrapper\">\n\t\t\t\t\t\t<span class=\"elementor-button-text\">Klikkaa t\u00e4st\u00e4<\/span>\n\t\t<\/span>\n\t\t\t\t\t<\/a>\n\t\t<\/div>\n\t\t\t\t<\/div>\n\t\t\t\t<\/div>\n\t\t\t\t\t<\/div>\n\t\t<\/div>\n\t\t\t\t\t<\/div>\n\t\t<\/section>\n\t\t\t\t<section class=\"elementor-section elementor-top-section elementor-element elementor-element-27f850a elementor-section-boxed elementor-section-height-default elementor-section-height-default\" data-id=\"27f850a\" data-element_type=\"section\">\n\t\t\t\t\t\t<div class=\"elementor-container elementor-column-gap-default\">\n\t\t\t\t\t<div class=\"elementor-column elementor-col-50 elementor-top-column elementor-element elementor-element-a9aa57f\" data-id=\"a9aa57f\" data-element_type=\"column\">\n\t\t\t<div class=\"elementor-widget-wrap elementor-element-populated\">\n\t\t\t\t\t\t<div class=\"elementor-element elementor-element-08a23d0 elementor-widget elementor-widget-spacer\" data-id=\"08a23d0\" data-element_type=\"widget\" data-widget_type=\"spacer.default\">\n\t\t\t\t<div class=\"elementor-widget-container\">\n\t\t\t\t\t<div class=\"elementor-spacer\">\n\t\t\t<div class=\"elementor-spacer-inner\"><\/div>\n\t\t<\/div>\n\t\t\t\t<\/div>\n\t\t\t\t<\/div>\n\t\t\t\t<div class=\"elementor-element elementor-element-ec94de9 elementor-widget elementor-widget-heading\" data-id=\"ec94de9\" data-element_type=\"widget\" data-widget_type=\"heading.default\">\n\t\t\t\t<div class=\"elementor-widget-container\">\n\t\t\t<h2 class=\"elementor-heading-title elementor-size-default\">Uutiskirje 3<\/h2>\t\t<\/div>\n\t\t\t\t<\/div>\n\t\t\t\t<div class=\"elementor-element elementor-element-daacbe7 elementor-widget elementor-widget-image\" data-id=\"daacbe7\" data-element_type=\"widget\" data-widget_type=\"image.default\">\n\t\t\t\t<div class=\"elementor-widget-container\">\n\t\t\t\t\t\t\t\t\t\t\t\t\t\t<a href=\"https:\/\/winonline.training\/wp-content\/uploads\/2022\/07\/WinOnLine_3nd_Newsletter_final-FINN.pdf\" target=\"_blank\">\n\t\t\t\t\t\t\t<img loading=\"lazy\" decoding=\"async\" width=\"600\" height=\"336\" src=\"https:\/\/winonline.training\/wp-content\/uploads\/2022\/07\/WinOnLine_3nd_Newsletter_final-FINN.png\" class=\"attachment-full size-full wp-image-23383\" alt=\"\" srcset=\"https:\/\/winonline.training\/wp-content\/uploads\/2022\/07\/WinOnLine_3nd_Newsletter_final-FINN.png 600w, https:\/\/winonline.training\/wp-content\/uploads\/2022\/07\/WinOnLine_3nd_Newsletter_final-FINN-300x168.png 300w\" sizes=\"(max-width: 600px) 100vw, 600px\" \/>\t\t\t\t\t\t\t\t<\/a>\n\t\t\t\t\t\t\t\t\t\t\t\t\t<\/div>\n\t\t\t\t<\/div>\n\t\t\t\t<div class=\"elementor-element elementor-element-3230140 elementor-align-center elementor-widget elementor-widget-button\" data-id=\"3230140\" data-element_type=\"widget\" data-widget_type=\"button.default\">\n\t\t\t\t<div class=\"elementor-widget-container\">\n\t\t\t\t\t<div class=\"elementor-button-wrapper\">\n\t\t\t<a class=\"elementor-button elementor-button-link elementor-size-sm\" href=\"https:\/\/winonline.training\/wp-content\/uploads\/2022\/07\/WinOnLine_3nd_Newsletter_final-FINN.pdf\" target=\"_blank\">\n\t\t\t\t\t\t<span class=\"elementor-button-content-wrapper\">\n\t\t\t\t\t\t<span class=\"elementor-button-text\">Klikkaa t\u00e4st\u00e4<\/span>\n\t\t<\/span>\n\t\t\t\t\t<\/a>\n\t\t<\/div>\n\t\t\t\t<\/div>\n\t\t\t\t<\/div>\n\t\t\t\t\t<\/div>\n\t\t<\/div>\n\t\t\t\t<div class=\"elementor-column elementor-col-50 elementor-top-column elementor-element elementor-element-4c88514\" data-id=\"4c88514\" data-element_type=\"column\">\n\t\t\t<div class=\"elementor-widget-wrap elementor-element-populated\">\n\t\t\t\t\t\t<div class=\"elementor-element elementor-element-d4c1535 elementor-widget elementor-widget-spacer\" data-id=\"d4c1535\" data-element_type=\"widget\" data-widget_type=\"spacer.default\">\n\t\t\t\t<div class=\"elementor-widget-container\">\n\t\t\t\t\t<div class=\"elementor-spacer\">\n\t\t\t<div class=\"elementor-spacer-inner\"><\/div>\n\t\t<\/div>\n\t\t\t\t<\/div>\n\t\t\t\t<\/div>\n\t\t\t\t<div class=\"elementor-element elementor-element-103e811 elementor-widget elementor-widget-heading\" data-id=\"103e811\" data-element_type=\"widget\" data-widget_type=\"heading.default\">\n\t\t\t\t<div class=\"elementor-widget-container\">\n\t\t\t<h2 class=\"elementor-heading-title elementor-size-default\">Uutiskirje 4<\/h2>\t\t<\/div>\n\t\t\t\t<\/div>\n\t\t\t\t<div class=\"elementor-element elementor-element-106189a elementor-widget elementor-widget-image\" data-id=\"106189a\" data-element_type=\"widget\" data-widget_type=\"image.default\">\n\t\t\t\t<div class=\"elementor-widget-container\">\n\t\t\t\t\t\t\t\t\t\t\t\t\t\t<a href=\"https:\/\/winonline.training\/wp-content\/uploads\/2022\/07\/WinOnLine_4thNewsletter_Final_new_-FIN.pdf\" target=\"_blank\">\n\t\t\t\t\t\t\t<img loading=\"lazy\" decoding=\"async\" width=\"600\" height=\"336\" src=\"https:\/\/winonline.training\/wp-content\/uploads\/2022\/07\/WinOnLine_4st_Newsletter_FI_mockup.png\" class=\"attachment-full size-full wp-image-23389\" alt=\"\" srcset=\"https:\/\/winonline.training\/wp-content\/uploads\/2022\/07\/WinOnLine_4st_Newsletter_FI_mockup.png 600w, https:\/\/winonline.training\/wp-content\/uploads\/2022\/07\/WinOnLine_4st_Newsletter_FI_mockup-300x168.png 300w\" sizes=\"(max-width: 600px) 100vw, 600px\" \/>\t\t\t\t\t\t\t\t<\/a>\n\t\t\t\t\t\t\t\t\t\t\t\t\t<\/div>\n\t\t\t\t<\/div>\n\t\t\t\t<div class=\"elementor-element elementor-element-dfb92bb elementor-align-center elementor-widget elementor-widget-button\" data-id=\"dfb92bb\" data-element_type=\"widget\" data-widget_type=\"button.default\">\n\t\t\t\t<div class=\"elementor-widget-container\">\n\t\t\t\t\t<div class=\"elementor-button-wrapper\">\n\t\t\t<a class=\"elementor-button elementor-button-link elementor-size-sm\" href=\"https:\/\/winonline.training\/wp-content\/uploads\/2022\/07\/WinOnLine_4thNewsletter_Final_new_-FIN.pdf\" target=\"_blank\">\n\t\t\t\t\t\t<span class=\"elementor-button-content-wrapper\">\n\t\t\t\t\t\t<span class=\"elementor-button-text\">Klikkaa t\u00e4st\u00e4<\/span>\n\t\t<\/span>\n\t\t\t\t\t<\/a>\n\t\t<\/div>\n\t\t\t\t<\/div>\n\t\t\t\t<\/div>\n\t\t\t\t\t<\/div>\n\t\t<\/div>\n\t\t\t\t\t<\/div>\n\t\t<\/section>\n\t\t\t\t<section class=\"elementor-section elementor-top-section elementor-element elementor-element-0a798c6 elementor-section-boxed elementor-section-height-default elementor-section-height-default\" data-id=\"0a798c6\" data-element_type=\"section\">\n\t\t\t\t\t\t<div class=\"elementor-container elementor-column-gap-default\">\n\t\t\t\t\t<div class=\"elementor-column elementor-col-100 elementor-top-column elementor-element elementor-element-a746169\" data-id=\"a746169\" data-element_type=\"column\">\n\t\t\t<div class=\"elementor-widget-wrap elementor-element-populated\">\n\t\t\t\t\t\t<div class=\"elementor-element elementor-element-d34cdcc elementor-widget elementor-widget-spacer\" data-id=\"d34cdcc\" data-element_type=\"widget\" data-widget_type=\"spacer.default\">\n\t\t\t\t<div class=\"elementor-widget-container\">\n\t\t\t\t\t<div class=\"elementor-spacer\">\n\t\t\t<div class=\"elementor-spacer-inner\"><\/div>\n\t\t<\/div>\n\t\t\t\t<\/div>\n\t\t\t\t<\/div>\n\t\t\t\t\t<\/div>\n\t\t<\/div>\n\t\t\t\t\t<\/div>\n\t\t<\/section>\n\t\t\t\t<\/div>\n\t\t","protected":false},"excerpt":{"rendered":"<p>Esite Klikkaa t\u00e4st\u00e4 Lentolehtinen Klikkaa t\u00e4st\u00e4 Uutiskirje 1 Klikkaa t\u00e4st\u00e4 Uutiskirje 2 Klikkaa t\u00e4st\u00e4 Uutiskirje 3 Klikkaa t\u00e4st\u00e4 Uutiskirje 4 Klikkaa t\u00e4st\u00e4<\/p>\n","protected":false},"author":1,"featured_media":0,"parent":0,"menu_order":0,"comment_status":"closed","ping_status":"closed","template":"","meta":{"footnotes":""},"_links":{"self":[{"href":"https:\/\/winonline.training\/fi\/wp-json\/wp\/v2\/pages\/11696"}],"collection":[{"href":"https:\/\/winonline.training\/fi\/wp-json\/wp\/v2\/pages"}],"about":[{"href":"https:\/\/winonline.training\/fi\/wp-json\/wp\/v2\/types\/page"}],"author":[{"embeddable":true,"href":"https:\/\/winonline.training\/fi\/wp-json\/wp\/v2\/users\/1"}],"replies":[{"embeddable":true,"href":"https:\/\/winonline.training\/fi\/wp-json\/wp\/v2\/comments?post=11696"}],"version-history":[{"count":22,"href":"https:\/\/winonline.training\/fi\/wp-json\/wp\/v2\/pages\/11696\/revisions"}],"predecessor-version":[{"id":23476,"href":"https:\/\/winonline.training\/fi\/wp-json\/wp\/v2\/pages\/11696\/revisions\/23476"}],"wp:attachment":[{"href":"https:\/\/winonline.training\/fi\/wp-json\/wp\/v2\/media?parent=11696"}],"curies":[{"name":"wp","href":"https:\/\/api.w.org\/{rel}","templated":true}]}}