{"id":11688,"date":"2020-10-02T13:34:00","date_gmt":"2020-10-02T12:34:00","guid":{"rendered":"https:\/\/winonline.training\/mentorointi\/"},"modified":"2022-05-10T12:09:04","modified_gmt":"2022-05-10T11:09:04","slug":"mentorointi","status":"publish","type":"page","link":"https:\/\/winonline.training\/fi\/mentorointi\/","title":{"rendered":"Mentorointi"},"content":{"rendered":"\t\t<div data-elementor-type=\"wp-page\" data-elementor-id=\"11688\" class=\"elementor elementor-11688 elementor-2920\" data-elementor-post-type=\"page\">\n\t\t\t\t\t\t<section class=\"elementor-section elementor-top-section elementor-element elementor-element-db89b5f elementor-section-boxed elementor-section-height-default elementor-section-height-default\" data-id=\"db89b5f\" data-element_type=\"section\">\n\t\t\t\t\t\t<div class=\"elementor-container elementor-column-gap-default\">\n\t\t\t\t\t<div class=\"elementor-column elementor-col-100 elementor-top-column elementor-element elementor-element-675f0def\" data-id=\"675f0def\" data-element_type=\"column\">\n\t\t\t<div class=\"elementor-widget-wrap elementor-element-populated\">\n\t\t\t\t\t\t<div class=\"elementor-element elementor-element-268f2d9b elementor-widget elementor-widget-text-editor\" data-id=\"268f2d9b\" data-element_type=\"widget\" data-widget_type=\"text-editor.default\">\n\t\t\t\t<div class=\"elementor-widget-container\">\n\t\t\t\t\t\t\t<p>&nbsp;<\/p>\n<p><img decoding=\"async\" class=\"alignleft wp-image-10630 size-medium\" src=\"https:\/\/winonline.training\/wp-content\/uploads\/2019\/12\/Featured-image-mentoring-new-300x158.jpg\" alt=\"\" width=\"300\" height=\"158\" srcset=\"https:\/\/winonline.training\/wp-content\/uploads\/2019\/12\/Featured-image-mentoring-new-300x158.jpg 300w, https:\/\/winonline.training\/wp-content\/uploads\/2019\/12\/Featured-image-mentoring-new-1024x538.jpg 1024w, https:\/\/winonline.training\/wp-content\/uploads\/2019\/12\/Featured-image-mentoring-new-768x403.jpg 768w, https:\/\/winonline.training\/wp-content\/uploads\/2019\/12\/Featured-image-mentoring-new-400x210.jpg 400w, https:\/\/winonline.training\/wp-content\/uploads\/2019\/12\/Featured-image-mentoring-new-624x328.jpg 624w, https:\/\/winonline.training\/wp-content\/uploads\/2019\/12\/Featured-image-mentoring-new.jpg 1200w\" sizes=\"(max-width: 300px) 100vw, 300px\" \/>Naiset, jotka ovat osallistuneet koulutuskurssin pilotointiin ja heill\u00e4 on erityinen liiketoimintaidea kehitett\u00e4v\u00e4ksi, voivat osallistua liiketoiminnan mentorointikursseille. Kursseilla kokeneet henkil\u00f6t (mentorit) tukevat ja rohkaisevat heit\u00e4 kehitt\u00e4m\u00e4\u00e4n tarvittavia taitoja ja tietoja verkkoliiketoimintaa luomiseen ja vahvistavat heid\u00e4n liiketoimintapotentiaalia sek\u00e4 parantavat suoriutumista.<\/p>\n<p>Mentorointiprosessi ei ole sama kuin koulutus, koska mentorit eiv\u00e4t opeta naisille yritt\u00e4jyyden tarpeita, vaan kuuntelevat ja esitt\u00e4v\u00e4t kysymyksi\u00e4, joilla haastavat mentoroitavia tunnistamaan toimintatavan, joka heid\u00e4n on toteutettava oman kehityksens\u00e4 suhteen.<\/p>\n<p>Mentorointiprosessin edut osallistujille:<\/p>\n<ul>\n<li>tarjoaa selkeytt\u00e4 el\u00e4m\u00e4n ja uran valintoihin sek\u00e4 omiin uratavoitteisiin<\/li>\n<li>antaa erilaisia n\u00e4k\u00f6kulmia ja kulttuuriarvoja<\/li>\n<li>tarjoaa mahdollisuuden kehitt\u00e4\u00e4 uusia kontaktiverkostoja<\/li>\n<li>uusien resurssien kautta lis\u00e4\u00e4 uratyytyv\u00e4isyytt\u00e4 ja lis\u00e4\u00e4 todenn\u00e4k\u00f6isyytt\u00e4 yritt\u00e4j\u00e4n\u00e4 menestymiselle<\/li>\n<\/ul>\n\t\t\t\t\t\t<\/div>\n\t\t\t\t<\/div>\n\t\t\t\t\t<\/div>\n\t\t<\/div>\n\t\t\t\t\t<\/div>\n\t\t<\/section>\n\t\t\t\t<section class=\"elementor-section elementor-top-section elementor-element elementor-element-20e787d elementor-section-boxed elementor-section-height-default elementor-section-height-default\" data-id=\"20e787d\" data-element_type=\"section\">\n\t\t\t\t\t\t<div class=\"elementor-container elementor-column-gap-default\">\n\t\t\t\t\t<div class=\"elementor-column elementor-col-100 elementor-top-column elementor-element elementor-element-40ff273\" data-id=\"40ff273\" data-element_type=\"column\">\n\t\t\t<div class=\"elementor-widget-wrap elementor-element-populated\">\n\t\t\t\t\t\t<section class=\"elementor-section elementor-inner-section elementor-element elementor-element-5d3b8a7 elementor-section-boxed elementor-section-height-default elementor-section-height-default\" data-id=\"5d3b8a7\" data-element_type=\"section\">\n\t\t\t\t\t\t<div class=\"elementor-container elementor-column-gap-default\">\n\t\t\t\t\t<div class=\"elementor-column elementor-col-33 elementor-inner-column elementor-element elementor-element-9a52810\" data-id=\"9a52810\" data-element_type=\"column\">\n\t\t\t<div class=\"elementor-widget-wrap\">\n\t\t\t\t\t\t\t<\/div>\n\t\t<\/div>\n\t\t\t\t<div class=\"elementor-column elementor-col-33 elementor-inner-column elementor-element elementor-element-57ebb92\" data-id=\"57ebb92\" data-element_type=\"column\">\n\t\t\t<div class=\"elementor-widget-wrap elementor-element-populated\">\n\t\t\t\t\t\t<div class=\"elementor-element elementor-element-7d1e236 elementor-widget elementor-widget-text-editor\" data-id=\"7d1e236\" data-element_type=\"widget\" data-widget_type=\"text-editor.default\">\n\t\t\t\t<div class=\"elementor-widget-container\">\n\t\t\t\t\t\t\t<p><div class=\"bb-courses-directory\">\n\t\t\t\t\t\t\t<div id=\"bb-course-list-grid-filters\" class=\"bb-secondary-list-tabs flex align-items-center\">\n\t\t\t\t\t\t\t\t<div class=\"grid-filters push-right\" data-object=\"\">\n\t\t\t\t\t\t\t\t    <a href=\"#\" class=\"layout-view layout-grid-view active bp-tooltip\"  data-view=\"grid\" data-bp-tooltip-pos=\"up\"\n\t\t\t\t\t\t\t\t       data-bp-tooltip=\"Taulukkon\u00e4kym\u00e4\">\n\t\t\t\t\t\t\t\t        <i class=\"bb-icon-l bb-icon-grid-large\" aria-hidden=\"true\"><\/i>\n\t\t\t\t\t\t\t\t    <\/a>\n\n\t\t\t\t\t\t\t\t    <a href=\"#\" class=\"layout-view layout-list-view bp-tooltip\" data-view=\"list\" data-bp-tooltip-pos=\"up\"\n\t\t\t\t\t\t\t\t       data-bp-tooltip=\" Listan\u00e4kym\u00e4\">\n\t\t\t\t\t\t\t\t        <i class=\"bb-icon-l bb-icon-bars\" aria-hidden=\"true\"><\/i>\n\t\t\t\t\t\t\t\t    <\/a>\n\t\t\t\t\t\t\t\t<\/div>\n\t\t\t\t\t\t\t<\/div>\n\t\t\t\t\t\t<\/div><div id=\"ld-course-list-content-0981f00f5470ba96906377d2d10a143d\" class=\"ld-course-list-content\" data-shortcode-atts=\"{&quot;orderby&quot;:&quot;ID&quot;,&quot;col&quot;:&quot;1&quot;,&quot;course_tag&quot;:&quot;mentoring&quot;}\">\n\t\t\t<div class=\"ld-course-list-items row\">\n\t<div class=\"ld_course_grid col-sm-12 col-md-12  bb-course-item-wrap\">\n\n\t<div class=\"bb-cover-list-item  \">\n\t\t\n\t\t\t\t<div class=\"bb-course-cover \">\n\t\t\t\t<div class=\"ld-status  free ld-secondary-background\">ilmainen<\/div>\t\t\t\t\t\t<a title=\"Mentorointi naisille, jotka pyrkiv\u00e4t e-yritt\u00e4jiksi\" href=\"https:\/\/winonline.training\/fi\/courses\/mentorointi-naisille-jotka-pyrkivat-e-yrittajiksi\/\" class=\"bb-cover-wrap\">\n\t\t\t\t\t\t\t<img fetchpriority=\"high\" decoding=\"async\" width=\"624\" height=\"328\" src=\"https:\/\/winonline.training\/wp-content\/uploads\/2021\/03\/WIN-article-for-website-EUROSC-featured-image-624x328.jpg\" class=\"attachment-post-thumbnail size-post-thumbnail wp-post-image\" alt=\"Women In Action\" srcset=\"https:\/\/winonline.training\/wp-content\/uploads\/2021\/03\/WIN-article-for-website-EUROSC-featured-image-624x328.jpg 624w, https:\/\/winonline.training\/wp-content\/uploads\/2021\/03\/WIN-article-for-website-EUROSC-featured-image-300x158.jpg 300w, https:\/\/winonline.training\/wp-content\/uploads\/2021\/03\/WIN-article-for-website-EUROSC-featured-image-1024x538.jpg 1024w, https:\/\/winonline.training\/wp-content\/uploads\/2021\/03\/WIN-article-for-website-EUROSC-featured-image-768x403.jpg 768w, https:\/\/winonline.training\/wp-content\/uploads\/2021\/03\/WIN-article-for-website-EUROSC-featured-image-400x210.jpg 400w, https:\/\/winonline.training\/wp-content\/uploads\/2021\/03\/WIN-article-for-website-EUROSC-featured-image.jpg 1200w\" sizes=\"(max-width: 624px) 100vw, 624px\" \/>\t\t\t\t\t\t<\/a>\n\t\t\t\t\t\t\t\t\t\t<\/div>\n\n\t\t\n\t\t\n\t\t<div class=\"bb-card-course-details\">\n\t\t\t<div class=\"course-lesson-count\">5 Moduulia<\/div>\t\t\t<h2 class=\"bb-course-title\">\n\t\t\t\t<a href=\"https:\/\/winonline.training\/fi\/courses\/mentorointi-naisille-jotka-pyrkivat-e-yrittajiksi\/\">Mentorointi naisille, jotka pyrkiv\u00e4t e-yritt\u00e4jiksi<\/a>\n\t\t\t<\/h2>\n\t\t\t\t\t\t\t<p class=\"entry-content\">Johdatus mentorointikurssille Mentorointi e-yritt\u00e4jille Mentorointikurssin tavoitteena on tukea erityisesti yli 40-vuotiaita naisia, jotka haluavat tulla e-yritt\u00e4jiksi\u00a0 Win On-Line-koulutuskokonaisuuden tukemana. Hankkeen&hellip;<\/p>\n\t\t\t\t\t\t\t\t<div class=\"course-progress-wrap\">\n\t\t\t\t\t\t<div class=\"ld-progress ld-progress-inline\">\n\t\t\t\t\t<div class=\"ld-progress-heading\">\n\t\t\t\t\t\t\t<\/div>\n\n\t\t\t<div class=\"ld-progress-bar\">\n\t\t\t\t<div class=\"ld-progress-bar-percentage ld-secondary-background\" style=\"width:0%\"><\/div>\n\t\t\t<\/div>\n\t\t\t<div class=\"ld-progress-stats\">\n\t\t\t\t<div class=\"ld-progress-percentage ld-secondary-color course-completion-rate\">\n\t\t\t\t\t0% Viimeistele\t\t\t\t<\/div>\n\t\t\t\t<div class=\"ld-progress-steps\">\n\t\t\t\t\t0\/0 Vaiheet\t\t\t\t<\/div>\n\t\t\t<\/div> <!--\/.ld-progress-stats-->\n\t\t\t\t<\/div> <!--\/.ld-progress-->\n\t\t\t\t\t<\/div>\n\t\t\t\t                <p class=\"ld_course_grid_button\"><a class=\"btn btn-primary\" role=\"button\" href=\"https:\/\/winonline.training\/fi\/courses\/mentorointi-naisille-jotka-pyrkivat-e-yrittajiksi\/\" rel=\"bookmark\">See more&#8230;<\/a><\/p>\n\t\t\t\t\n\t\t<\/div><!-- .entry-header -->\n\t<\/div><!-- #post-## -->\n<\/div>\n\t<\/div>\n\t\t\t<\/div>\n\t\t<\/p>\t\t\t\t\t\t<\/div>\n\t\t\t\t<\/div>\n\t\t\t\t\t<\/div>\n\t\t<\/div>\n\t\t\t\t<div class=\"elementor-column elementor-col-33 elementor-inner-column elementor-element elementor-element-17526e7\" data-id=\"17526e7\" data-element_type=\"column\">\n\t\t\t<div class=\"elementor-widget-wrap\">\n\t\t\t\t\t\t\t<\/div>\n\t\t<\/div>\n\t\t\t\t\t<\/div>\n\t\t<\/section>\n\t\t\t\t\t<\/div>\n\t\t<\/div>\n\t\t\t\t\t<\/div>\n\t\t<\/section>\n\t\t\t\t<\/div>\n\t\t","protected":false},"excerpt":{"rendered":"<p>&nbsp; Naiset, jotka ovat osallistuneet koulutuskurssin pilotointiin ja heill\u00e4 on erityinen liiketoimintaidea kehitett\u00e4v\u00e4ksi, voivat osallistua liiketoiminnan mentorointikursseille. Kursseilla kokeneet henkil\u00f6t (mentorit) tukevat ja rohkaisevat heit\u00e4&hellip;<\/p>\n","protected":false},"author":1,"featured_media":0,"parent":0,"menu_order":0,"comment_status":"closed","ping_status":"closed","template":"","meta":{"footnotes":""},"_links":{"self":[{"href":"https:\/\/winonline.training\/fi\/wp-json\/wp\/v2\/pages\/11688"}],"collection":[{"href":"https:\/\/winonline.training\/fi\/wp-json\/wp\/v2\/pages"}],"about":[{"href":"https:\/\/winonline.training\/fi\/wp-json\/wp\/v2\/types\/page"}],"author":[{"embeddable":true,"href":"https:\/\/winonline.training\/fi\/wp-json\/wp\/v2\/users\/1"}],"replies":[{"embeddable":true,"href":"https:\/\/winonline.training\/fi\/wp-json\/wp\/v2\/comments?post=11688"}],"version-history":[{"count":4,"href":"https:\/\/winonline.training\/fi\/wp-json\/wp\/v2\/pages\/11688\/revisions"}],"predecessor-version":[{"id":22630,"href":"https:\/\/winonline.training\/fi\/wp-json\/wp\/v2\/pages\/11688\/revisions\/22630"}],"wp:attachment":[{"href":"https:\/\/winonline.training\/fi\/wp-json\/wp\/v2\/media?parent=11688"}],"curies":[{"name":"wp","href":"https:\/\/api.w.org\/{rel}","templated":true}]}}