{"id":13899,"date":"2020-09-17T09:02:33","date_gmt":"2020-09-17T08:02:33","guid":{"rendered":"https:\/\/winonline.training\/compendio\/"},"modified":"2021-10-14T14:28:46","modified_gmt":"2021-10-14T13:28:46","slug":"compendio","status":"publish","type":"page","link":"https:\/\/winonline.training\/es\/compendio\/","title":{"rendered":"compendio"},"content":{"rendered":"\t\t<div data-elementor-type=\"wp-page\" data-elementor-id=\"13899\" class=\"elementor elementor-13899 elementor-1998\" data-elementor-post-type=\"page\">\n\t\t\t\t\t\t<section class=\"elementor-section elementor-top-section elementor-element elementor-element-157a13b2 elementor-section-boxed elementor-section-height-default elementor-section-height-default\" data-id=\"157a13b2\" data-element_type=\"section\" data-e-type=\"section\">\n\t\t\t\t\t\t<div class=\"elementor-container elementor-column-gap-default\">\n\t\t\t\t\t<div class=\"elementor-column elementor-col-100 elementor-top-column elementor-element elementor-element-bdbbad3\" data-id=\"bdbbad3\" data-element_type=\"column\" data-e-type=\"column\">\n\t\t\t<div class=\"elementor-widget-wrap elementor-element-populated\">\n\t\t\t\t\t\t<div class=\"elementor-element elementor-element-2bc83283 elementor-widget elementor-widget-text-editor\" data-id=\"2bc83283\" data-element_type=\"widget\" data-e-type=\"widget\" data-widget_type=\"text-editor.default\">\n\t\t\t\t<div class=\"elementor-widget-container\">\n\t\t\t\t\t\t\t\t\t<h3>Compendio de las pr\u00e1cticas y herramientas innovadoras y eficaces existentes para el emprendimiento electr\u00f3nico de las mujeres<\/h3>\n<p><img decoding=\"async\" class=\"wp-image-13742 size-medium alignleft\" src=\"https:\/\/winonline.training\/wp-content\/uploads\/2019\/12\/featured-image-learning-300x158.png\" alt=\"\" width=\"300\" height=\"158\" srcset=\"https:\/\/winonline.training\/wp-content\/uploads\/2019\/12\/featured-image-learning-300x158.png 300w, https:\/\/winonline.training\/wp-content\/uploads\/2019\/12\/featured-image-learning-1024x538.png 1024w, https:\/\/winonline.training\/wp-content\/uploads\/2019\/12\/featured-image-learning-768x403.png 768w, https:\/\/winonline.training\/wp-content\/uploads\/2019\/12\/featured-image-learning-400x210.png 400w, https:\/\/winonline.training\/wp-content\/uploads\/2019\/12\/featured-image-learning-624x328.png 624w, https:\/\/winonline.training\/wp-content\/uploads\/2019\/12\/featured-image-learning.png 1200w\" sizes=\"(max-width: 300px) 100vw, 300px\" \/>El compendio ser\u00e1 un paquete innovador de pr\u00e1cticas y herramientas eficaces existentes de emprendimiento online femenino, que garantizar\u00e1 que la informaci\u00f3n recopilada en el compendio sea para el uso de instituciones \/ organizaciones \/ escuelas de formaci\u00f3n nacionales que est\u00e9n tratando de identificar pr\u00e1cticas y herramientas innovadoras y de apoyo para ayudar a mujeres mayores de 40 a\u00f1os a convertirse en emprendedoras electr\u00f3nicas (este grupo objetivo tiene un perfil espec\u00edfico).<\/p>\n\t\t\t\t\t\t\t\t<\/div>\n\t\t\t\t<\/div>\n\t\t\t\t\t<\/div>\n\t\t<\/div>\n\t\t\t\t\t<\/div>\n\t\t<\/section>\n\t\t\t\t<\/div>\n\t\t","protected":false},"excerpt":{"rendered":"<p>Compendio de las pr\u00e1cticas y herramientas innovadoras y eficaces existentes para el emprendimiento electr\u00f3nico de las mujeres El compendio ser\u00e1 un paquete innovador de pr\u00e1cticas&hellip;<\/p>\n","protected":false},"author":1,"featured_media":13900,"parent":0,"menu_order":0,"comment_status":"closed","ping_status":"closed","template":"","meta":{"footnotes":""},"class_list":["post-13899","page","type-page","status-publish","has-post-thumbnail","hentry"],"_links":{"self":[{"href":"https:\/\/winonline.training\/es\/wp-json\/wp\/v2\/pages\/13899","targetHints":{"allow":["GET"]}}],"collection":[{"href":"https:\/\/winonline.training\/es\/wp-json\/wp\/v2\/pages"}],"about":[{"href":"https:\/\/winonline.training\/es\/wp-json\/wp\/v2\/types\/page"}],"author":[{"embeddable":true,"href":"https:\/\/winonline.training\/es\/wp-json\/wp\/v2\/users\/1"}],"replies":[{"embeddable":true,"href":"https:\/\/winonline.training\/es\/wp-json\/wp\/v2\/comments?post=13899"}],"version-history":[{"count":0,"href":"https:\/\/winonline.training\/es\/wp-json\/wp\/v2\/pages\/13899\/revisions"}],"wp:featuredmedia":[{"embeddable":true,"href":"https:\/\/winonline.training\/es\/wp-json\/wp\/v2\/media\/13900"}],"wp:attachment":[{"href":"https:\/\/winonline.training\/es\/wp-json\/wp\/v2\/media?parent=13899"}],"curies":[{"name":"wp","href":"https:\/\/api.w.org\/{rel}","templated":true}]}}