{"id":13890,"date":"2019-12-03T17:15:57","date_gmt":"2019-12-03T16:15:57","guid":{"rendered":"https:\/\/winonline.training\/como-se-hace\/"},"modified":"2019-12-03T17:15:57","modified_gmt":"2019-12-03T16:15:57","slug":"como-se-hace","status":"publish","type":"page","link":"https:\/\/winonline.training\/es\/como-se-hace\/","title":{"rendered":"c\u00f3mo se hace"},"content":{"rendered":"<h3>Houston, tenemos un problema<\/h3>\n<p>Las mujeres constituyen el 52% de la poblaci\u00f3n europea total, pero solo el 34,4% de los trabajadores independientes de la UE y el 30% de los emprendedores son mujeres. Al mismo tiempo, durante una gran mayor\u00eda de a\u00f1os y pa\u00edses para los que hay datos disponibles, las mujeres registran una tasa de desempleo m\u00e1s alta que los hombres. El problema es mucho mayor para las mujeres mayores de 40 a\u00f1os, ya que les resulta a\u00fan m\u00e1s dif\u00edcil encontrar un trabajo e ingresar (o volver a ingresar) al mercado laboral.<\/p>\n<p>Para las mujeres mayores de 40 a\u00f1os que buscan trabajo, conseguir un trabajo es un desaf\u00edo. Cuando alguien ha estado desempleado durante mucho tiempo, \u00e9l \/ ella puede enfrentar prejuicios negativos adicionales. La combinaci\u00f3n de g\u00e9nero, edad y desempleo prolongado es algo que convierte a las mujeres mayores de 40 a\u00f1os en un grupo de ciudadanos desfavorecidos. Las preocupaciones que los empleadores tienen sobre las mujeres desempleadas mayores y de larga duraci\u00f3n que buscan trabajo son:<\/p>\n<ul>\n<li>las habilidades est\u00e1n desactualizadas<\/li>\n<li>la experiencia est\u00e1 desactualizada<\/li>\n<li>el costo supera su valor<\/li>\n<li>riesgo de contrataci\u00f3n<\/li>\n<\/ul>\n<h3>Haga clic<\/h3>\n<p>Por las razones anteriores, un n\u00famero cada vez mayor de mujeres se plantea como soluci\u00f3n a su problema convertirse en emprendedoras aut\u00f3nomas, centr\u00e1ndose en el emprendimiento electr\u00f3nico.<\/p>\n","protected":false},"excerpt":{"rendered":"<p>Houston, tenemos un problema Las mujeres constituyen el 52% de la poblaci\u00f3n europea total, pero solo el 34,4% de los trabajadores independientes de la UE&hellip;<\/p>\n","protected":false},"author":1,"featured_media":13891,"parent":0,"menu_order":0,"comment_status":"closed","ping_status":"closed","template":"","meta":{"footnotes":""},"class_list":["post-13890","page","type-page","status-publish","has-post-thumbnail","hentry"],"_links":{"self":[{"href":"https:\/\/winonline.training\/es\/wp-json\/wp\/v2\/pages\/13890","targetHints":{"allow":["GET"]}}],"collection":[{"href":"https:\/\/winonline.training\/es\/wp-json\/wp\/v2\/pages"}],"about":[{"href":"https:\/\/winonline.training\/es\/wp-json\/wp\/v2\/types\/page"}],"author":[{"embeddable":true,"href":"https:\/\/winonline.training\/es\/wp-json\/wp\/v2\/users\/1"}],"replies":[{"embeddable":true,"href":"https:\/\/winonline.training\/es\/wp-json\/wp\/v2\/comments?post=13890"}],"version-history":[{"count":0,"href":"https:\/\/winonline.training\/es\/wp-json\/wp\/v2\/pages\/13890\/revisions"}],"wp:featuredmedia":[{"embeddable":true,"href":"https:\/\/winonline.training\/es\/wp-json\/wp\/v2\/media\/13891"}],"wp:attachment":[{"href":"https:\/\/winonline.training\/es\/wp-json\/wp\/v2\/media?parent=13890"}],"curies":[{"name":"wp","href":"https:\/\/api.w.org\/{rel}","templated":true}]}}