{"id":13833,"date":"2019-12-03T17:13:59","date_gmt":"2019-12-03T16:13:59","guid":{"rendered":"https:\/\/winonline.training\/formacion\/"},"modified":"2022-03-01T11:37:21","modified_gmt":"2022-03-01T10:37:21","slug":"formacion","status":"publish","type":"page","link":"https:\/\/winonline.training\/es\/formacion\/","title":{"rendered":"formaci\u00f3n"},"content":{"rendered":"\t\t<div data-elementor-type=\"wp-page\" data-elementor-id=\"13833\" class=\"elementor elementor-13833 elementor-138\" data-elementor-post-type=\"page\">\n\t\t\t\t\t\t<section class=\"elementor-section elementor-top-section elementor-element elementor-element-d94ac5e elementor-section-boxed elementor-section-height-default elementor-section-height-default\" data-id=\"d94ac5e\" data-element_type=\"section\">\n\t\t\t\t\t\t<div class=\"elementor-container elementor-column-gap-default\">\n\t\t\t\t\t<div class=\"elementor-column elementor-col-100 elementor-top-column elementor-element elementor-element-15efde9\" data-id=\"15efde9\" data-element_type=\"column\">\n\t\t\t<div class=\"elementor-widget-wrap elementor-element-populated\">\n\t\t\t\t\t\t<div class=\"elementor-element elementor-element-4f069bc4 elementor-widget elementor-widget-text-editor\" data-id=\"4f069bc4\" data-element_type=\"widget\" data-widget_type=\"text-editor.default\">\n\t\t\t\t<div class=\"elementor-widget-container\">\n\t\t\t\t\t\t\t<h2>Aprendamos algunas cosas nuevas<\/h2>\n<p><img fetchpriority=\"high\" decoding=\"async\" class=\"alignleft wp-image-13836 size-full\" src=\"https:\/\/winonline.training\/wp-content\/uploads\/2019\/12\/WINONLINE-tablet-300-figure.png\" alt=\"\" width=\"300\" height=\"300\" srcset=\"https:\/\/winonline.training\/wp-content\/uploads\/2019\/12\/WINONLINE-tablet-300-figure.png 300w, https:\/\/winonline.training\/wp-content\/uploads\/2019\/12\/WINONLINE-tablet-300-figure-150x150.png 150w\" sizes=\"(max-width: 300px) 100vw, 300px\" \/><\/p>\n<p>Seg\u00fan la discusi\u00f3n llevada a cabo por los socios en la fase preliminar de la planificaci\u00f3n del proyecto, la capacitaci\u00f3n se centrar\u00e1 en las necesidades, competencias y habilidades de las mujeres mayores de 40 a\u00f1os que desean ser emprendedoras electr\u00f3nicas.<\/p>\n<p>El programa de capacitaci\u00f3n contendr\u00e1 informaci\u00f3n \u00fatil y consejos sobre qu\u00e9 es un negocio electr\u00f3nico, c\u00f3mo crear una empresa electr\u00f3nica, legislaci\u00f3n, habilidades de TIC necesarias, estrategias de marketing, competencias y habilidades necesarias. Incluir\u00e1 los siguientes contenidos (como m\u00ednimo):<\/p>\n<ul>\n<li>conceptos b\u00e1sicos sobre c\u00f3mo crear una empresa electr\u00f3nica, metodolog\u00edas y t\u00e9cnicas<\/li>\n<li>acceso a la lista de verificaci\u00f3n financiera de las competencias y habilidades clave esperadas<\/li>\n<li>Las habilidades de TIC necesitaban para comercializar su negocio electr\u00f3nico en la red<\/li>\n<\/ul>\n\t\t\t\t\t\t<\/div>\n\t\t\t\t<\/div>\n\t\t\t\t\t<\/div>\n\t\t<\/div>\n\t\t\t\t\t<\/div>\n\t\t<\/section>\n\t\t\t\t<section class=\"elementor-section elementor-top-section elementor-element elementor-element-6cd2f9a2 elementor-section-boxed elementor-section-height-default elementor-section-height-default\" data-id=\"6cd2f9a2\" data-element_type=\"section\">\n\t\t\t\t\t\t<div class=\"elementor-container elementor-column-gap-default\">\n\t\t\t\t\t<div class=\"elementor-column elementor-col-100 elementor-top-column elementor-element elementor-element-3ba762f3\" data-id=\"3ba762f3\" data-element_type=\"column\">\n\t\t\t<div class=\"elementor-widget-wrap elementor-element-populated\">\n\t\t\t\t\t\t<section class=\"elementor-section elementor-inner-section elementor-element elementor-element-41a2ec4 elementor-section-boxed elementor-section-height-default elementor-section-height-default\" data-id=\"41a2ec4\" data-element_type=\"section\">\n\t\t\t\t\t\t<div class=\"elementor-container elementor-column-gap-default\">\n\t\t\t\t\t<div class=\"elementor-column elementor-col-33 elementor-inner-column elementor-element elementor-element-99087f2\" data-id=\"99087f2\" data-element_type=\"column\">\n\t\t\t<div class=\"elementor-widget-wrap\">\n\t\t\t\t\t\t\t<\/div>\n\t\t<\/div>\n\t\t\t\t<div class=\"elementor-column elementor-col-33 elementor-inner-column elementor-element elementor-element-18fc098\" data-id=\"18fc098\" data-element_type=\"column\">\n\t\t\t<div class=\"elementor-widget-wrap elementor-element-populated\">\n\t\t\t\t\t\t<div class=\"elementor-element elementor-element-2a756ef elementor-widget elementor-widget-text-editor\" data-id=\"2a756ef\" data-element_type=\"widget\" data-widget_type=\"text-editor.default\">\n\t\t\t\t<div class=\"elementor-widget-container\">\n\t\t\t\t\t\t\t<p><div class=\"bb-courses-directory\">\n\t\t\t\t\t\t\t<div id=\"bb-course-list-grid-filters\" class=\"bb-secondary-list-tabs flex align-items-center\">\n\t\t\t\t\t\t\t\t<div class=\"grid-filters push-right\" data-object=\"\">\n\t\t\t\t\t\t\t\t    <a href=\"#\" class=\"layout-view layout-grid-view active bp-tooltip\"  data-view=\"grid\" data-bp-tooltip-pos=\"up\"\n\t\t\t\t\t\t\t\t       data-bp-tooltip=\"Vista de Cuadricula\">\n\t\t\t\t\t\t\t\t        <i class=\"bb-icon-l bb-icon-grid-large\" aria-hidden=\"true\"><\/i>\n\t\t\t\t\t\t\t\t    <\/a>\n\n\t\t\t\t\t\t\t\t    <a href=\"#\" class=\"layout-view layout-list-view bp-tooltip\" data-view=\"list\" data-bp-tooltip-pos=\"up\"\n\t\t\t\t\t\t\t\t       data-bp-tooltip=\" Vista de Lista\">\n\t\t\t\t\t\t\t\t        <i class=\"bb-icon-l bb-icon-bars\" aria-hidden=\"true\"><\/i>\n\t\t\t\t\t\t\t\t    <\/a>\n\t\t\t\t\t\t\t\t<\/div>\n\t\t\t\t\t\t\t<\/div>\n\t\t\t\t\t\t<\/div><div id=\"ld-course-list-content-bb2ada07ac02f2d39d5b02418f6a5de3\" class=\"ld-course-list-content\" data-shortcode-atts=\"{&quot;orderby&quot;:&quot;ID&quot;,&quot;col&quot;:&quot;1&quot;,&quot;course_tag&quot;:&quot;training&quot;}\">\n\t\t\t<div class=\"ld-course-list-items row\">\n\t<div class=\"ld_course_grid col-sm-12 col-md-12  bb-course-item-wrap\">\n\n\t<div class=\"bb-cover-list-item  \">\n\t\t\n\t\t\t\t<div class=\"bb-course-cover \">\n\t\t\t\t<div class=\"ld-status  free ld-secondary-background\">Abierto para inscripciones<\/div>\t\t\t\t\t\t<a title=\"Formaci\u00f3n online para mujeres e-empresarias\" href=\"https:\/\/winonline.training\/es\/courses\/formacion-online-para-mujeres-e-empresarias\/\" class=\"bb-cover-wrap\">\n\t\t\t\t\t\t\t<img decoding=\"async\" width=\"624\" height=\"328\" src=\"https:\/\/winonline.training\/wp-content\/uploads\/2020\/07\/Win-online-training-featured-624x328.jpg\" class=\"attachment-post-thumbnail size-post-thumbnail wp-post-image\" alt=\"On-line training for women e-entrepreneurs\" srcset=\"https:\/\/winonline.training\/wp-content\/uploads\/2020\/07\/Win-online-training-featured-624x328.jpg 624w, https:\/\/winonline.training\/wp-content\/uploads\/2020\/07\/Win-online-training-featured-300x158.jpg 300w, https:\/\/winonline.training\/wp-content\/uploads\/2020\/07\/Win-online-training-featured-1024x538.jpg 1024w, https:\/\/winonline.training\/wp-content\/uploads\/2020\/07\/Win-online-training-featured-768x403.jpg 768w, https:\/\/winonline.training\/wp-content\/uploads\/2020\/07\/Win-online-training-featured-400x210.jpg 400w, https:\/\/winonline.training\/wp-content\/uploads\/2020\/07\/Win-online-training-featured.jpg 1200w\" sizes=\"(max-width: 624px) 100vw, 624px\" \/>\t\t\t\t\t\t<\/a>\n\t\t\t\t\t\t\t\t\t\t<\/div>\n\n\t\t\n\t\t\n\t\t<div class=\"bb-card-course-details\">\n\t\t\t<div class=\"course-lesson-count\">7 M\u00f3dulos<\/div>\t\t\t<h2 class=\"bb-course-title\">\n\t\t\t\t<a href=\"https:\/\/winonline.training\/es\/courses\/formacion-online-para-mujeres-e-empresarias\/\">Formaci\u00f3n online para mujeres e-empresarias<\/a>\n\t\t\t<\/h2>\n\t\t\t\t\t\t\t<p class=\"entry-content\">Introducci\u00f3n del programa de formaci\u00f3n Formaci\u00f3n para el emprendimiento en l\u00ednea Esta formaci\u00f3n en l\u00ednea tiene como objetivo satisfacer las&hellip;<\/p>\n\t\t\t\t\t\t\t\t<div class=\"course-progress-wrap\">\n\t\t\t\t\t\t<div class=\"ld-progress ld-progress-inline\">\n\t\t\t\t\t<div class=\"ld-progress-heading\">\n\t\t\t\t\t\t\t<\/div>\n\n\t\t\t<div class=\"ld-progress-bar\">\n\t\t\t\t<div class=\"ld-progress-bar-percentage ld-secondary-background\" style=\"width:0%\"><\/div>\n\t\t\t<\/div>\n\t\t\t<div class=\"ld-progress-stats\">\n\t\t\t\t<div class=\"ld-progress-percentage ld-secondary-color course-completion-rate\">\n\t\t\t\t\t0%  Completado\t\t\t\t<\/div>\n\t\t\t\t<div class=\"ld-progress-steps\">\n\t\t\t\t\t0\/0 asos\t\t\t\t<\/div>\n\t\t\t<\/div> <!--\/.ld-progress-stats-->\n\t\t\t\t<\/div> <!--\/.ld-progress-->\n\t\t\t\t\t<\/div>\n\t\t\t\t                <p class=\"ld_course_grid_button\"><a class=\"btn btn-primary\" role=\"button\" href=\"https:\/\/winonline.training\/es\/courses\/formacion-online-para-mujeres-e-empresarias\/\" rel=\"bookmark\">See more&#8230;<\/a><\/p>\n\t\t\t\t\n\t\t<\/div><!-- .entry-header -->\n\t<\/div><!-- #post-## -->\n<\/div>\n\t<\/div>\n\t\t\t<\/div>\n\t\t<\/p>\t\t\t\t\t\t<\/div>\n\t\t\t\t<\/div>\n\t\t\t\t\t<\/div>\n\t\t<\/div>\n\t\t\t\t<div class=\"elementor-column elementor-col-33 elementor-inner-column elementor-element elementor-element-01bfa30\" data-id=\"01bfa30\" data-element_type=\"column\">\n\t\t\t<div class=\"elementor-widget-wrap\">\n\t\t\t\t\t\t\t<\/div>\n\t\t<\/div>\n\t\t\t\t\t<\/div>\n\t\t<\/section>\n\t\t\t\t\t<\/div>\n\t\t<\/div>\n\t\t\t\t\t<\/div>\n\t\t<\/section>\n\t\t\t\t<\/div>\n\t\t","protected":false},"excerpt":{"rendered":"<p>Aprendamos algunas cosas nuevas Seg\u00fan la discusi\u00f3n llevada a cabo por los socios en la fase preliminar de la planificaci\u00f3n del proyecto, la capacitaci\u00f3n se&hellip;<\/p>\n","protected":false},"author":1,"featured_media":13834,"parent":0,"menu_order":0,"comment_status":"closed","ping_status":"closed","template":"","meta":{"footnotes":""},"_links":{"self":[{"href":"https:\/\/winonline.training\/es\/wp-json\/wp\/v2\/pages\/13833"}],"collection":[{"href":"https:\/\/winonline.training\/es\/wp-json\/wp\/v2\/pages"}],"about":[{"href":"https:\/\/winonline.training\/es\/wp-json\/wp\/v2\/types\/page"}],"author":[{"embeddable":true,"href":"https:\/\/winonline.training\/es\/wp-json\/wp\/v2\/users\/1"}],"replies":[{"embeddable":true,"href":"https:\/\/winonline.training\/es\/wp-json\/wp\/v2\/comments?post=13833"}],"version-history":[{"count":13,"href":"https:\/\/winonline.training\/es\/wp-json\/wp\/v2\/pages\/13833\/revisions"}],"predecessor-version":[{"id":21225,"href":"https:\/\/winonline.training\/es\/wp-json\/wp\/v2\/pages\/13833\/revisions\/21225"}],"wp:featuredmedia":[{"embeddable":true,"href":"https:\/\/winonline.training\/es\/wp-json\/wp\/v2\/media\/13834"}],"wp:attachment":[{"href":"https:\/\/winonline.training\/es\/wp-json\/wp\/v2\/media?parent=13833"}],"curies":[{"name":"wp","href":"https:\/\/api.w.org\/{rel}","templated":true}]}}